{"id":134201,"date":"2026-04-17T12:13:30","date_gmt":"2026-04-17T09:13:30","guid":{"rendered":"https:\/\/new.caar.fi\/autot\/2011-bmw-1m-coupe\/"},"modified":"2026-04-17T12:13:40","modified_gmt":"2026-04-17T09:13:40","slug":"2011-bmw-1m-coupe","status":"publish","type":"product","link":"https:\/\/new.caar.fi\/en\/autot\/2011-bmw-1m-coupe\/","title":{"rendered":"2011 BMW 1M Coup\u00e9"},"content":{"rendered":"<div class=\"vehicle-description\">** CAAR &#8211; Turvallinen tie uuteen autoon **&amp;#10;&amp;#10;** CAAR on palveleva ja luotettava kauppias jokaiselle autoa ostavalle henkil\u00f6lle. Kotiintoimitamme, rahoitamme ja vaihdamme ajoneuvon juuri sinun tarpeidesi mukaan**&amp;#10;&amp;#10;** Ota yhteytt\u00e4 +358 50 413 6178 \/ Tuukka! **<\/p>\n<p>Harvinainen 1M Coupe 3,0 litraisella 6-sylinterisell\u00e4 N54 -moottorilla, sek\u00e4 ainoalla oikealla vaihteistolla, eli manuaalina. Suomeen uutena myyty yksil\u00f6, jossa puhdas dokumentoitu historia, kuten pit\u00e4\u00e4. 3,0 litrainen moottori ja pienen kokoluokan auto on jotain sellaista, mik\u00e4 on katoamassa autovalmistajien tuotantolinjoilta sukupuuttoon. Oikea valinta sinulle, joka nautit ajamisesta, etk\u00e4 ajotilojen valitsemisesta ja asetusten s\u00e4\u00e4t\u00e4misest\u00e4. T\u00e4st\u00e4 alkuper\u00e4iskuntoinen l\u00e4hitulevaisuuden klassikko, joka varmasti k\u00e4\u00e4nt\u00e4\u00e4 katseita niin Prisman, kuin autotapahtumien parkkipaikoilla.<\/p>\n<p>&#8211; 1M Coupe erikoiskilpi: MCP-1<br \/>\n&#8211; Suomi-Auto<br \/>\n&#8211; Puhdas historia<br \/>\n&#8211; T\u00e4ysin alkuper\u00e4iskuntoinen<br \/>\n&#8211; Katsastettu huomautuksitta 04\/2026<br \/>\n&#8211; Huoltokirja (paperinen)<br \/>\n&#8211; Vakionopeudens\u00e4\u00e4din<br \/>\n&#8211; Harman &amp; Kardon Surround Sound System<br \/>\n&#8211; BMW Professional Radio<br \/>\n&#8211; Nahkaverhoilu<br \/>\n&#8211; Urheiluistuimet<br \/>\n&#8211; Penkinl\u00e4mmittimet<br \/>\n&#8211; Automaatti-ilmastointi<br \/>\n&#8211; Monitoimiohjauspy\u00f6r\u00e4<br \/>\n&#8211; Ajotietokone<br \/>\n&#8211; Sadetunnistin<br \/>\n&#8211; Xenon -ajovalot<br \/>\n&#8211; S\u00e4hk\u00f6k\u00e4ytt\u00f6iset ikkunat<br \/>\n&#8211; S\u00e4hk\u00f6s\u00e4\u00e4t\u00f6iset sivupeilit<br \/>\n&#8211; Kaukos\u00e4\u00e4t\u00f6inen keskuslukitus<br \/>\n&#8211; Isofix-valmius<br \/>\n&#8211; 19&quot; Alkuper\u00e4isvanteet Michelin Pilot Sport 4S kes\u00e4renkailla<\/p>\n<p>** CAAR Huoleton -lis\u00e4turva saatavilla kaikkiin alle 250tkm ajettuihin \/ 20 vuotta vanhoihin autoihin **&amp;#10;&amp;#10;** Auton osto, myynti, vaihto, rahoitus, lis\u00e4turva ja v\u00e4litysmyynti &#8211; kaikki saman katon alta! Katso lis\u00e4\u00e4 osoitteesta: www.caar.fi **<\/p><\/div>\n<hr>\n<h3>Vehicle Details<\/h3>\n<table class=\"vehicle-specs\" style=\"border-collapse:collapse;width:100%\">\n<tr style=\"border-bottom:1px solid #eee\">\n<th style=\"text-align:left;padding:6px 12px 6px 0;font-weight:600\">Make<\/th>\n<td style=\"padding:6px 0\">BMW<\/td>\n<\/tr>\n<tr style=\"border-bottom:1px solid #eee\">\n<th style=\"text-align:left;padding:6px 12px 6px 0;font-weight:600\">Model<\/th>\n<td style=\"padding:6px 0\">1M<\/td>\n<\/tr>\n<tr style=\"border-bottom:1px solid #eee\">\n<th style=\"text-align:left;padding:6px 12px 6px 0;font-weight:600\">Trim<\/th>\n<td style=\"padding:6px 0\">Coup\u00e9<\/td>\n<\/tr>\n<tr style=\"border-bottom:1px solid #eee\">\n<th style=\"text-align:left;padding:6px 12px 6px 0;font-weight:600\">Year<\/th>\n<td style=\"padding:6px 0\">2011<\/td>\n<\/tr>\n<tr style=\"border-bottom:1px solid #eee\">\n<th style=\"text-align:left;padding:6px 12px 6px 0;font-weight:600\">Mileage<\/th>\n<td style=\"padding:6px 0\">95,000 km<\/td>\n<\/tr>\n<tr style=\"border-bottom:1px solid #eee\">\n<th style=\"text-align:left;padding:6px 12px 6px 0;font-weight:600\">Price<\/th>\n<td style=\"padding:6px 0\">69 990 \u20ac<\/td>\n<\/tr>\n<tr style=\"border-bottom:1px solid #eee\">\n<th style=\"text-align:left;padding:6px 12px 6px 0;font-weight:600\">Tax Type<\/th>\n<td style=\"padding:6px 0\">Margin scheme (VAT included)<\/td>\n<\/tr>\n<tr style=\"border-bottom:1px solid #eee\">\n<th style=\"text-align:left;padding:6px 12px 6px 0;font-weight:600\">Financing<\/th>\n<td style=\"padding:6px 0\">from 1,353.89 \u20ac\/mo<\/td>\n<\/tr>\n<tr style=\"border-bottom:1px solid #eee\">\n<th style=\"text-align:left;padding:6px 12px 6px 0;font-weight:600\">Registration No.<\/th>\n<td style=\"padding:6px 0\">MCP-1<\/td>\n<\/tr>\n<\/table>\n<h3>Equipment<\/h3>\n<ul>\n<li>Electronic Stability Control (ESC)<\/li>\n<li>Trip Computer<\/li>\n<li>Service Book: Paper<\/li>\n<li>Automatic Climate Control<\/li>\n<li>ISOFIX Child Seat Mounts<\/li>\n<li>Folding Rear Seats<\/li>\n<li>Remote Central Locking<\/li>\n<li>Alloy Wheels<\/li>\n<li>Traction Control System<\/li>\n<li>Anti-lock Braking System (ABS)<\/li>\n<li>Multifunction Steering Wheel<\/li>\n<li>Leather Upholstery<\/li>\n<li>Power Steering<\/li>\n<li>Heated Seats<\/li>\n<li>Sadetunnistin<\/li>\n<li>Electric Windows<\/li>\n<li>Electric Mirrors<\/li>\n<li>Turbo<\/li>\n<li>Airbags<\/li>\n<li>Urheiluistuimet<\/li>\n<li>Sport Suspension<\/li>\n<li>Cruise Control<\/li>\n<li>Premium Sound System<\/li>\n<li>Xenon-ajovalot<\/li>\n<li>Alarm System<\/li>\n<\/ul>\n","protected":false},"excerpt":{"rendered":"<p>Harvinaisuus! \/ Suomi-Auto \/ Harman &amp; Kardon \/ Sporttinahat \/ Puhdas historia \/ Huoltokirja \/ Penkinl\u00e4mmittimet \/ Automaatti-ilmastointi<\/p>\n","protected":false},"featured_media":134202,"template":"","meta":{"_acf_changed":false,"inline_featured_image":false},"product_brand":[],"product_cat":[360],"product_tag":[],"class_list":{"0":"post-134201","1":"product","2":"type-product","3":"status-publish","4":"has-post-thumbnail","6":"product_cat-bmw","8":"first","9":"instock","10":"shipping-taxable","11":"purchasable","12":"product-type-simple"},"acf":[],"_links":{"self":[{"href":"https:\/\/new.caar.fi\/en\/wp-json\/wp\/v2\/product\/134201","targetHints":{"allow":["GET"]}}],"collection":[{"href":"https:\/\/new.caar.fi\/en\/wp-json\/wp\/v2\/product"}],"about":[{"href":"https:\/\/new.caar.fi\/en\/wp-json\/wp\/v2\/types\/product"}],"wp:featuredmedia":[{"embeddable":true,"href":"https:\/\/new.caar.fi\/en\/wp-json\/wp\/v2\/media\/134202"}],"wp:attachment":[{"href":"https:\/\/new.caar.fi\/en\/wp-json\/wp\/v2\/media?parent=134201"}],"wp:term":[{"taxonomy":"product_brand","embeddable":true,"href":"https:\/\/new.caar.fi\/en\/wp-json\/wp\/v2\/product_brand?post=134201"},{"taxonomy":"product_cat","embeddable":true,"href":"https:\/\/new.caar.fi\/en\/wp-json\/wp\/v2\/product_cat?post=134201"},{"taxonomy":"product_tag","embeddable":true,"href":"https:\/\/new.caar.fi\/en\/wp-json\/wp\/v2\/product_tag?post=134201"}],"curies":[{"name":"wp","href":"https:\/\/api.w.org\/{rel}","templated":true}]}}