{"id":134206,"date":"2026-04-17T12:13:50","date_gmt":"2026-04-17T09:13:50","guid":{"rendered":"https:\/\/new.caar.fi\/autot\/2021-volkswagen-passat-20-tsi-200kw-dsg-4motion-r-line-edition\/"},"modified":"2026-04-17T12:14:00","modified_gmt":"2026-04-17T09:14:00","slug":"2021-volkswagen-passat-20-tsi-200kw-dsg-4motion-r-line-edition","status":"publish","type":"product","link":"https:\/\/new.caar.fi\/en\/autot\/2021-volkswagen-passat-20-tsi-200kw-dsg-4motion-r-line-edition\/","title":{"rendered":"2021 Volkswagen Passat 2,0 TSI 200kW DSG 4Motion R-Line Edition"},"content":{"rendered":"<div class=\"vehicle-description\">** CAAR &#8211; Turvallinen tie uuteen autoon **&amp;#10;&amp;#10;** CAAR on palveleva ja luotettava kauppias jokaiselle autoa ostavalle henkil\u00f6lle. Kotiintoimitamme, rahoitamme ja vaihdamme ajoneuvon juuri sinun tarpeidesi mukaan**&amp;#10;&amp;#10;** Ota yhteytt\u00e4 +358 50 413 6178 \/ Tuukka! **<\/p>\n<p>Oletko kyll\u00e4stynyt tavan perhefarmareihin? Ei h\u00e4t\u00e4\u00e4, nyt olisi tarjolla ratkaisu, jollaista ei taatusti tule l\u00e4hikaupan pihalla, tai edes kauppamatkalla vastaan. \u00c4\u00e4rimm\u00e4isen harvinainen Passat R-Line Edition n\u00b0 131\/320. Tehokkaalla 2,0 TSI -moottorilla, sek\u00e4 nopeasti vaihtavalla DSG -kaksoiskytkin vaihteistolla varustettu neliveto, jonka R-Line Edition paketin mukana tehtaalta tulleet yksityiskohdat eiv\u00e4t erehdyt\u00e4 luulemaan autoa tavan perheautoksi. S\u00e4hk\u00f6isesti s\u00e4\u00e4dett\u00e4v\u00e4 alusta tekee autosta eritt\u00e4in ketter\u00e4n mutkap\u00e4tkill\u00e4 samalla, kun LED -ajovalot valaisevat tiet\u00e4 tehokkaasti. Todella upea kokonaisuus, joka pit\u00e4\u00e4 itse kokea ratin ja polkimien takana!<\/p>\n<p>&#8211; R-Line Edition erikoismalli<br \/>\n&#8211; 320 yksil\u00f6\u00e4 valmistettu<br \/>\n&#8211; Polttoainek\u00e4ytt\u00f6inen lis\u00e4l\u00e4mmitin<br \/>\n&#8211; Merkkihuollettu<br \/>\n&#8211; Matriisi LED -ajovalot kaukovaloautomatiikalla<br \/>\n&#8211; Digimittaristo<br \/>\n&#8211; Adaptiivinen vakionopeudens\u00e4\u00e4din kaistallapitoavustimella<br \/>\n&#8211; Kaistavahti -j\u00e4rjestelm\u00e4<br \/>\n&#8211; Travel Assist -j\u00e4rjestelm\u00e4<br \/>\n&#8211; Front Assist -j\u00e4rjestelm\u00e4<br \/>\n&#8211; Rear Traffic Alert -j\u00e4rjestelm\u00e4<br \/>\n&#8211; S\u00e4hk\u00f6s\u00e4\u00e4t\u00f6inen alusta<br \/>\n&#8211; Navigointi<br \/>\n&#8211; Keyless -avaimeton k\u00e4ynnistys ja kulku<br \/>\n&#8211; Pys\u00e4k\u00f6intiavustin<br \/>\n&#8211; Pys\u00e4k\u00f6intitutkat<br \/>\n&#8211; Peruutuskamera<br \/>\n&#8211; Apple CarPlay<br \/>\n&#8211; Bluetooth<br \/>\n&#8211; Osittain s\u00e4hk\u00f6s\u00e4\u00e4t\u00f6inen kuljettajan istuin -ergoComfort<br \/>\n&#8211; Nahkaverhoilu<br \/>\n&#8211; Musta sis\u00e4kattoverhoilu<br \/>\n&#8211; S\u00e4hk\u00f6toiminen takaluukku<br \/>\n&#8211; S\u00e4hk\u00f6toimiset ikkunat<br \/>\n&#8211; S\u00e4hk\u00f6s\u00e4\u00e4t\u00f6iset sivupeilit<br \/>\n&#8211; Isofix-valmius<br \/>\n&#8211; Automaatti-ilmastointi<br \/>\n&#8211; Penkinl\u00e4mmittimet edess\u00e4 ja takana<br \/>\n&#8211; Monitoimiohjauspy\u00f6r\u00e4<br \/>\n&#8211; Rattivaihteet<br \/>\n&#8211; 19&quot; Alumiinivanteet Pirelli kes\u00e4renkailla<br \/>\n&#8211; 19&quot; Alumiinivanteet uudenveroisilla TOYO kitkarenkailla<\/p>\n<p>** CAAR Huoleton -lis\u00e4turva saatavilla kaikkiin alle 250tkm ajettuihin \/ 20 vuotta vanhoihin autoihin **&amp;#10;&amp;#10;** Auton osto, myynti, vaihto, rahoitus, lis\u00e4turva ja v\u00e4litysmyynti &#8211; kaikki saman katon alta! Katso lis\u00e4\u00e4 osoitteesta: www.caar.fi **<\/p><\/div>\n<hr>\n<h3>Vehicle Details<\/h3>\n<table class=\"vehicle-specs\" style=\"border-collapse:collapse;width:100%\">\n<tr style=\"border-bottom:1px solid #eee\">\n<th style=\"text-align:left;padding:6px 12px 6px 0;font-weight:600\">Make<\/th>\n<td style=\"padding:6px 0\">Volkswagen<\/td>\n<\/tr>\n<tr style=\"border-bottom:1px solid #eee\">\n<th style=\"text-align:left;padding:6px 12px 6px 0;font-weight:600\">Model<\/th>\n<td style=\"padding:6px 0\">Passat<\/td>\n<\/tr>\n<tr style=\"border-bottom:1px solid #eee\">\n<th style=\"text-align:left;padding:6px 12px 6px 0;font-weight:600\">Trim<\/th>\n<td style=\"padding:6px 0\">2,0 TSI 200kW DSG 4Motion R-Line Edition<\/td>\n<\/tr>\n<tr style=\"border-bottom:1px solid #eee\">\n<th style=\"text-align:left;padding:6px 12px 6px 0;font-weight:600\">Year<\/th>\n<td style=\"padding:6px 0\">2021<\/td>\n<\/tr>\n<tr style=\"border-bottom:1px solid #eee\">\n<th style=\"text-align:left;padding:6px 12px 6px 0;font-weight:600\">Mileage<\/th>\n<td style=\"padding:6px 0\">78,000 km<\/td>\n<\/tr>\n<tr style=\"border-bottom:1px solid #eee\">\n<th style=\"text-align:left;padding:6px 12px 6px 0;font-weight:600\">Price<\/th>\n<td style=\"padding:6px 0\">42 880 \u20ac<\/td>\n<\/tr>\n<tr style=\"border-bottom:1px solid #eee\">\n<th style=\"text-align:left;padding:6px 12px 6px 0;font-weight:600\">Tax Type<\/th>\n<td style=\"padding:6px 0\">Margin scheme (VAT included)<\/td>\n<\/tr>\n<tr style=\"border-bottom:1px solid #eee\">\n<th style=\"text-align:left;padding:6px 12px 6px 0;font-weight:600\">Financing<\/th>\n<td style=\"padding:6px 0\">from 835.60 \u20ac\/mo<\/td>\n<\/tr>\n<tr style=\"border-bottom:1px solid #eee\">\n<th style=\"text-align:left;padding:6px 12px 6px 0;font-weight:600\">Registration No.<\/th>\n<td style=\"padding:6px 0\">NNU-551<\/td>\n<\/tr>\n<\/table>\n<h3>Equipment<\/h3>\n<ul>\n<li>Adaptiiviset ajovalot<\/li>\n<li>Electronic Stability Control (ESC)<\/li>\n<li>Trip Computer<\/li>\n<li>Alustasarja<\/li>\n<li>Keyless Start<\/li>\n<li>Bluetooth<\/li>\n<li>Service Book: Digital<\/li>\n<li>Automatic Climate Control<\/li>\n<li>ISOFIX Child Seat Mounts<\/li>\n<li>Folding Rear Seats<\/li>\n<li>Kaarrevalot<\/li>\n<li>Two Sets of Tires<\/li>\n<li>Lane Keeping Assist<\/li>\n<li>Remote Central Locking<\/li>\n<li>Alloy Wheels<\/li>\n<li>Traction Control System<\/li>\n<li>Anti-lock Braking System (ABS)<\/li>\n<li>Multifunction Steering Wheel<\/li>\n<li>Leather Upholstery<\/li>\n<li>Navigation System<\/li>\n<li>Power Steering<\/li>\n<li>Heated Seats<\/li>\n<li>Rear View Camera<\/li>\n<li>Polttoaine- \/ akkuk\u00e4ytt\u00f6inen lis\u00e4l\u00e4mmitin<\/li>\n<li>Parking Sensors<\/li>\n<li>Sadetunnistin<\/li>\n<li>Start-stop-j\u00e4rjestelm\u00e4<\/li>\n<li>Electric Windows<\/li>\n<li>Electric Mirrors<\/li>\n<li>S\u00e4hk\u00f6toiminen takaluukku<\/li>\n<li>Turbo<\/li>\n<li>Airbags<\/li>\n<li>Urheiluistuimet<\/li>\n<li>Sport Suspension<\/li>\n<li>Adaptive Cruise Control<\/li>\n<li>Tow Bar<\/li>\n<li>Alarm System<\/li>\n<\/ul>\n","protected":false},"excerpt":{"rendered":"<p>320 Kappaleen erikoismalli! \/ Digimittaristo \/ ACC \/ Webasto \/ LED \/ S\u00e4hk\u00f6s. Alusta \/ Koukku \/ P. Kamera \/ Nahat<\/p>\n","protected":false},"featured_media":134207,"template":"","meta":{"_acf_changed":false,"inline_featured_image":false},"product_brand":[],"product_cat":[365],"product_tag":[],"class_list":{"0":"post-134206","1":"product","2":"type-product","3":"status-publish","4":"has-post-thumbnail","6":"product_cat-volkswagen","8":"first","9":"instock","10":"shipping-taxable","11":"purchasable","12":"product-type-simple"},"acf":[],"_links":{"self":[{"href":"https:\/\/new.caar.fi\/en\/wp-json\/wp\/v2\/product\/134206","targetHints":{"allow":["GET"]}}],"collection":[{"href":"https:\/\/new.caar.fi\/en\/wp-json\/wp\/v2\/product"}],"about":[{"href":"https:\/\/new.caar.fi\/en\/wp-json\/wp\/v2\/types\/product"}],"wp:featuredmedia":[{"embeddable":true,"href":"https:\/\/new.caar.fi\/en\/wp-json\/wp\/v2\/media\/134207"}],"wp:attachment":[{"href":"https:\/\/new.caar.fi\/en\/wp-json\/wp\/v2\/media?parent=134206"}],"wp:term":[{"taxonomy":"product_brand","embeddable":true,"href":"https:\/\/new.caar.fi\/en\/wp-json\/wp\/v2\/product_brand?post=134206"},{"taxonomy":"product_cat","embeddable":true,"href":"https:\/\/new.caar.fi\/en\/wp-json\/wp\/v2\/product_cat?post=134206"},{"taxonomy":"product_tag","embeddable":true,"href":"https:\/\/new.caar.fi\/en\/wp-json\/wp\/v2\/product_tag?post=134206"}],"curies":[{"name":"wp","href":"https:\/\/api.w.org\/{rel}","templated":true}]}}