{"id":134211,"date":"2026-04-17T12:14:10","date_gmt":"2026-04-17T09:14:10","guid":{"rendered":"https:\/\/new.caar.fi\/autot\/2012-dodge-charger-rt-5-7-hemi-v8\/"},"modified":"2026-04-17T12:14:20","modified_gmt":"2026-04-17T09:14:20","slug":"2012-dodge-charger-rt-5-7-hemi-v8","status":"publish","type":"product","link":"https:\/\/new.caar.fi\/en\/autot\/2012-dodge-charger-rt-5-7-hemi-v8\/","title":{"rendered":"2012 Dodge Charger RT 5.7 Hemi V8"},"content":{"rendered":"<div class=\"vehicle-description\">** CAAR &#8211; Turvallinen tie uuteen autoon **&amp;#10;&amp;#10;** CAAR on palveleva ja luotettava kauppias jokaiselle autoa ostavalle henkil\u00f6lle. Kotiintoimitamme, rahoitamme ja vaihdamme ajoneuvon juuri sinun tarpeidesi mukaan**&amp;#10;&amp;#10;** Ota yhteytt\u00e4 +358 50 413 6178 \/ Tuukka! **<\/p>\n<p>5,7 litraisella V8 Hemill\u00e4 varustettu Charger tuskin sen suurempia esittelyj\u00e4 kaipaa. Mainittakoon kuitenkin auton puhtaasta historiasta, sek\u00e4 j\u00e4risytt\u00e4vist\u00e4 varusteista. Adaptiivinen vakionopeudens\u00e4\u00e4din pit\u00e4\u00e4 huolen jouhevasta matkan taittamisesta, sek\u00e4 ilmastoidut istuimet yhdess\u00e4 kattoluukun, sek\u00e4 automaatti-ilmastoinnin kanssa tekev\u00e4t t\u00e4st\u00e4 eritt\u00e4in loistavan kes\u00e4pelin. Mik\u00e4li t\u00e4m\u00e4n hukkaat parkkipaikalle upeasta punaisesta v\u00e4rist\u00e4 huolimatta, l\u00f6yd\u00e4t sen varmasti et\u00e4k\u00e4ynnistyksen ansiosta!<\/p>\n<p>&#8211; ACC \/ Adaptiivinen vakionopeudens\u00e4\u00e4din<br \/>\n&#8211; Musta nahkasisusta<br \/>\n&#8211; Carfax raportti saatavilla, kysy raportti myyj\u00e4lt\u00e4! <br \/>\n&#8211; Ilmastoidut istuimet<br \/>\n&#8211; S\u00e4hk\u00f6s\u00e4\u00e4t\u00f6iset istuimet muistilla<br \/>\n&#8211; Kattoluukku<br \/>\n&#8211; Alpine Audio -\u00e4\u00e4nentoistoj\u00e4rjestelm\u00e4<br \/>\n&#8211; Keyless -avaimeton kulku ja k\u00e4ynnistys<br \/>\n&#8211; L\u00e4mmitetyt ja viilennetyt mukitelineet<br \/>\n&#8211; Xenon -ajovalot<br \/>\n&#8211; L\u00e4mmitett\u00e4v\u00e4 monitoimiohjauspy\u00f6r\u00e4<br \/>\n&#8211; Navigointi<br \/>\n&#8211; Puheohjaus<br \/>\n&#8211; Penkinl\u00e4mmittimet edess\u00e4 &amp; takana<br \/>\n&#8211; Peruutuskamera<br \/>\n&#8211; Pys\u00e4k\u00f6intitutkat takana<br \/>\n&#8211; Et\u00e4k\u00e4ynnistys<br \/>\n&#8211; Monitoimiohjauspy\u00f6r\u00e4<br \/>\n&#8211; AUX + USB + Bluetooth<br \/>\n&#8211; S\u00e4hk\u00f6k\u00e4ytt\u00f6iset ikkunat<br \/>\n&#8211; S\u00e4hk\u00f6s\u00e4\u00e4t\u00f6iset sivupeilit<br \/>\n&#8211; Kaukos\u00e4\u00e4t\u00f6inen keskuslukitus<br \/>\n&#8211; 2x Avaimet<br \/>\n&#8211; Isofix-valmius<br \/>\n&#8211; 20&quot; Hyv\u00e4kuntoiset Continental Premium Contact 6 kes\u00e4renkaat alumiinivanteilla<br \/>\n&#8211; 20&quot; Uudenveroiset kitkarenkaat alumiinivanteilla<\/p>\n<p>** CAAR Huoleton -lis\u00e4turva saatavilla kaikkiin alle 250tkm ajettuihin \/ 20 vuotta vanhoihin autoihin **&amp;#10;&amp;#10;** Auton osto, myynti, vaihto, rahoitus, lis\u00e4turva ja v\u00e4litysmyynti &#8211; kaikki saman katon alta! Katso lis\u00e4\u00e4 osoitteesta: www.caar.fi **<\/p><\/div>\n<hr>\n<h3>Vehicle Details<\/h3>\n<table class=\"vehicle-specs\" style=\"border-collapse:collapse;width:100%\">\n<tr style=\"border-bottom:1px solid #eee\">\n<th style=\"text-align:left;padding:6px 12px 6px 0;font-weight:600\">Make<\/th>\n<td style=\"padding:6px 0\">Dodge<\/td>\n<\/tr>\n<tr style=\"border-bottom:1px solid #eee\">\n<th style=\"text-align:left;padding:6px 12px 6px 0;font-weight:600\">Model<\/th>\n<td style=\"padding:6px 0\">Charger<\/td>\n<\/tr>\n<tr style=\"border-bottom:1px solid #eee\">\n<th style=\"text-align:left;padding:6px 12px 6px 0;font-weight:600\">Trim<\/th>\n<td style=\"padding:6px 0\">RT 5.7 Hemi V8<\/td>\n<\/tr>\n<tr style=\"border-bottom:1px solid #eee\">\n<th style=\"text-align:left;padding:6px 12px 6px 0;font-weight:600\">Year<\/th>\n<td style=\"padding:6px 0\">2012<\/td>\n<\/tr>\n<tr style=\"border-bottom:1px solid #eee\">\n<th style=\"text-align:left;padding:6px 12px 6px 0;font-weight:600\">Mileage<\/th>\n<td style=\"padding:6px 0\">139,000 km<\/td>\n<\/tr>\n<tr style=\"border-bottom:1px solid #eee\">\n<th style=\"text-align:left;padding:6px 12px 6px 0;font-weight:600\">Price<\/th>\n<td style=\"padding:6px 0\">29 790 \u20ac<\/td>\n<\/tr>\n<tr style=\"border-bottom:1px solid #eee\">\n<th style=\"text-align:left;padding:6px 12px 6px 0;font-weight:600\">Tax Type<\/th>\n<td style=\"padding:6px 0\">Margin scheme (VAT included)<\/td>\n<\/tr>\n<tr style=\"border-bottom:1px solid #eee\">\n<th style=\"text-align:left;padding:6px 12px 6px 0;font-weight:600\">Financing<\/th>\n<td style=\"padding:6px 0\">from 585.35 \u20ac\/mo<\/td>\n<\/tr>\n<tr style=\"border-bottom:1px solid #eee\">\n<th style=\"text-align:left;padding:6px 12px 6px 0;font-weight:600\">Registration No.<\/th>\n<td style=\"padding:6px 0\">OYY-351<\/td>\n<\/tr>\n<\/table>\n<h3>Equipment<\/h3>\n<ul>\n<li>Electronic Stability Control (ESC)<\/li>\n<li>Trip Computer<\/li>\n<li>Keyless Start<\/li>\n<li>Bluetooth<\/li>\n<li>Service Book: Paper<\/li>\n<li>Service Book: Digital<\/li>\n<li>Ventilated Seats<\/li>\n<li>Automatic Climate Control<\/li>\n<li>ISOFIX Child Seat Mounts<\/li>\n<li>Folding Rear Seats<\/li>\n<li>Two Sets of Tires<\/li>\n<li>Sunroof<\/li>\n<li>Keyless Central Locking<\/li>\n<li>Remote Central Locking<\/li>\n<li>Alloy Wheels<\/li>\n<li>Traction Control System<\/li>\n<li>Anti-lock Braking System (ABS)<\/li>\n<li>Heated Steering Wheel<\/li>\n<li>Phone Integration<\/li>\n<li>Multifunction Steering Wheel<\/li>\n<li>Leather Upholstery<\/li>\n<li>Navigation System<\/li>\n<li>Power Steering<\/li>\n<li>Heated Seats<\/li>\n<li>Rear View Camera<\/li>\n<li>Parking Sensors<\/li>\n<li>Electric Windows<\/li>\n<li>Electric Mirrors<\/li>\n<li>Electric Seats with Memory<\/li>\n<li>Airbags<\/li>\n<li>USB<\/li>\n<li>Sport Suspension<\/li>\n<li>Adaptive Cruise Control<\/li>\n<li>Premium Sound System<\/li>\n<li>Xenon-ajovalot<\/li>\n<li>Alarm System<\/li>\n<\/ul>\n","protected":false},"excerpt":{"rendered":"<p>T\u00f6rky varusteet! \/ Puhdas historia \/ ACC \/ Alpine Audio \/ P.kamera \/ Ilmastoidut nahat \/ Kattoluukku \/ Et\u00e4k\u00e4ynnistys<\/p>\n","protected":false},"featured_media":134212,"template":"","meta":{"_acf_changed":false,"inline_featured_image":false},"product_brand":[],"product_cat":[361],"product_tag":[],"class_list":{"0":"post-134211","1":"product","2":"type-product","3":"status-publish","4":"has-post-thumbnail","6":"product_cat-dodge","8":"first","9":"instock","10":"shipping-taxable","11":"purchasable","12":"product-type-simple"},"acf":[],"_links":{"self":[{"href":"https:\/\/new.caar.fi\/en\/wp-json\/wp\/v2\/product\/134211","targetHints":{"allow":["GET"]}}],"collection":[{"href":"https:\/\/new.caar.fi\/en\/wp-json\/wp\/v2\/product"}],"about":[{"href":"https:\/\/new.caar.fi\/en\/wp-json\/wp\/v2\/types\/product"}],"wp:featuredmedia":[{"embeddable":true,"href":"https:\/\/new.caar.fi\/en\/wp-json\/wp\/v2\/media\/134212"}],"wp:attachment":[{"href":"https:\/\/new.caar.fi\/en\/wp-json\/wp\/v2\/media?parent=134211"}],"wp:term":[{"taxonomy":"product_brand","embeddable":true,"href":"https:\/\/new.caar.fi\/en\/wp-json\/wp\/v2\/product_brand?post=134211"},{"taxonomy":"product_cat","embeddable":true,"href":"https:\/\/new.caar.fi\/en\/wp-json\/wp\/v2\/product_cat?post=134211"},{"taxonomy":"product_tag","embeddable":true,"href":"https:\/\/new.caar.fi\/en\/wp-json\/wp\/v2\/product_tag?post=134211"}],"curies":[{"name":"wp","href":"https:\/\/api.w.org\/{rel}","templated":true}]}}