{"id":134216,"date":"2026-04-17T12:14:29","date_gmt":"2026-04-17T09:14:29","guid":{"rendered":"https:\/\/new.caar.fi\/autot\/2019-bmw-530-g30-530e-m-sport\/"},"modified":"2026-04-17T12:14:39","modified_gmt":"2026-04-17T09:14:39","slug":"2019-bmw-530-g30-530e-m-sport","status":"publish","type":"product","link":"https:\/\/new.caar.fi\/en\/autot\/2019-bmw-530-g30-530e-m-sport\/","title":{"rendered":"2019 BMW 530 G30 530e M-Sport"},"content":{"rendered":"<div class=\"vehicle-description\">** CAAR &#8211; Turvallinen tie uuteen autoon **&amp;#10;&amp;#10;** CAAR on palveleva ja luotettava kauppias jokaiselle autoa ostavalle henkil\u00f6lle. Kotiintoimitamme, rahoitamme ja vaihdamme ajoneuvon juuri sinun tarpeidesi mukaan**&amp;#10;&amp;#10;** Ota yhteytt\u00e4 +358 50 413 6178 \/ Tuukka! **<\/p>\n<p>Todella n\u00e4ytt\u00e4v\u00e4 BMW 530e bensiini\/hybridi M-Sport paketilla, sek\u00e4 mukavilla varusteilla. T\u00e4m\u00e4 uutena Suomeen myyty, Valtioneuvoston kanslialla uutena k\u00e4yt\u00f6ss\u00e4 ollut BMW pit\u00e4\u00e4 sis\u00e4ll\u00e4\u00e4n lukuisia kuljettajaa avustavia, sek\u00e4 mukavoittavia varusteita. Peruutuskamera tekee pys\u00e4k\u00f6innist\u00e4 helppoa samalla, kun ambient-sis\u00e4tilanvalaistus, sek\u00e4 digimittaristo tuovat auton modernin ilmeen sis\u00e4tiloissa mukavasti esille. <\/p>\n<p>&#8211; Suomi-Auto<br \/>\n&#8211; Merkkiliikkeen huoltohistoria<br \/>\n&#8211; Tehtaan M-Sport -paketti<br \/>\n&#8211; Madallusjouset<br \/>\n&#8211; Polttoaine-\/akkuk\u00e4ytt\u00f6inen lis\u00e4l\u00e4mmitin<br \/>\n&#8211; HiFi -\u00e4\u00e4nentoisto<br \/>\n&#8211; Digimittaristo<br \/>\n&#8211; Ambient -sis\u00e4tilanvalaistus<br \/>\n&#8211; KeylessGo -avaimeton k\u00e4ynnistys<br \/>\n&#8211; Navigointi Professional<br \/>\n&#8211; Vakionopeudens\u00e4\u00e4din<br \/>\n&#8211; Peruutuskamera<br \/>\n&#8211; Pys\u00e4k\u00f6intitutkat<br \/>\n&#8211; S\u00e4hk\u00f6s\u00e4\u00e4t\u00f6inen takalasinverho<br \/>\n&#8211; Takasivulasien verhot<br \/>\n&#8211; Nahkaverhoilu<br \/>\n&#8211; Urheiluistuimet<br \/>\n&#8211; S\u00e4hk\u00f6s\u00e4\u00e4t\u00f6iset istuimet<br \/>\n&#8211; L\u00e4mmitett\u00e4v\u00e4 monitoimiohjauspy\u00f6r\u00e4<br \/>\n&#8211; Tummennetut takalasit<br \/>\n&#8211; Penkinl\u00e4mmittimet<br \/>\n&#8211; Automaatti-ilmastointi<br \/>\n&#8211; Sadetunnistin<br \/>\n&#8211; Bluetooth<br \/>\n&#8211; Kaukos\u00e4\u00e4t\u00f6inen keskuslukitus<br \/>\n&#8211; Ajotilanvalitsin: Eco, Comfort, Sport<br \/>\n&#8211; Sumuvalot<br \/>\n&#8211; Isofix-valmius<br \/>\n&#8211; Ajoakun SOH -kapasiteetti 84%<br \/>\n&#8211; 21&quot;Alumiinivanteet kes\u00e4renkailla<br \/>\n&#8211; 18&quot; Alumiinivanteet kitkarenkailla<\/p>\n<p>** CAAR Huoleton -lis\u00e4turva saatavilla kaikkiin alle 250tkm ajettuihin \/ 20 vuotta vanhoihin autoihin **&amp;#10;&amp;#10;** Auton osto, myynti, vaihto, rahoitus, lis\u00e4turva ja v\u00e4litysmyynti &#8211; kaikki saman katon alta! Katso lis\u00e4\u00e4 osoitteesta: www.caar.fi **<\/p><\/div>\n<hr>\n<h3>Vehicle Details<\/h3>\n<table class=\"vehicle-specs\" style=\"border-collapse:collapse;width:100%\">\n<tr style=\"border-bottom:1px solid #eee\">\n<th style=\"text-align:left;padding:6px 12px 6px 0;font-weight:600\">Make<\/th>\n<td style=\"padding:6px 0\">BMW<\/td>\n<\/tr>\n<tr style=\"border-bottom:1px solid #eee\">\n<th style=\"text-align:left;padding:6px 12px 6px 0;font-weight:600\">Model<\/th>\n<td style=\"padding:6px 0\">530<\/td>\n<\/tr>\n<tr style=\"border-bottom:1px solid #eee\">\n<th style=\"text-align:left;padding:6px 12px 6px 0;font-weight:600\">Trim<\/th>\n<td style=\"padding:6px 0\">G30 530e M-Sport<\/td>\n<\/tr>\n<tr style=\"border-bottom:1px solid #eee\">\n<th style=\"text-align:left;padding:6px 12px 6px 0;font-weight:600\">Year<\/th>\n<td style=\"padding:6px 0\">2019<\/td>\n<\/tr>\n<tr style=\"border-bottom:1px solid #eee\">\n<th style=\"text-align:left;padding:6px 12px 6px 0;font-weight:600\">Mileage<\/th>\n<td style=\"padding:6px 0\">71,000 km<\/td>\n<\/tr>\n<tr style=\"border-bottom:1px solid #eee\">\n<th style=\"text-align:left;padding:6px 12px 6px 0;font-weight:600\">Price<\/th>\n<td style=\"padding:6px 0\">28 480 \u20ac<\/td>\n<\/tr>\n<tr style=\"border-bottom:1px solid #eee\">\n<th style=\"text-align:left;padding:6px 12px 6px 0;font-weight:600\">Tax Type<\/th>\n<td style=\"padding:6px 0\">Margin scheme (VAT included)<\/td>\n<\/tr>\n<tr style=\"border-bottom:1px solid #eee\">\n<th style=\"text-align:left;padding:6px 12px 6px 0;font-weight:600\">Financing<\/th>\n<td style=\"padding:6px 0\">from 560.30 \u20ac\/mo<\/td>\n<\/tr>\n<tr style=\"border-bottom:1px solid #eee\">\n<th style=\"text-align:left;padding:6px 12px 6px 0;font-weight:600\">Registration No.<\/th>\n<td style=\"padding:6px 0\">BXH-433<\/td>\n<\/tr>\n<\/table>\n<h3>Equipment<\/h3>\n<ul>\n<li>Electronic Stability Control (ESC)<\/li>\n<li>Trip Computer<\/li>\n<li>Alustasarja<\/li>\n<li>Keyless Start<\/li>\n<li>Bluetooth<\/li>\n<li>Service Book: Digital<\/li>\n<li>Hybridiauton plug-in latauspistoke<\/li>\n<li>Automatic Climate Control<\/li>\n<li>ISOFIX Child Seat Mounts<\/li>\n<li>Folding Rear Seats<\/li>\n<li>Two Sets of Tires<\/li>\n<li>Remote Central Locking<\/li>\n<li>Alloy Wheels<\/li>\n<li>Traction Control System<\/li>\n<li>Anti-lock Braking System (ABS)<\/li>\n<li>Heated Steering Wheel<\/li>\n<li>Multifunction Steering Wheel<\/li>\n<li>M\u00e4kil\u00e4ht\u00f6avustin<\/li>\n<li>Leather Upholstery<\/li>\n<li>Navigation System<\/li>\n<li>Power Steering<\/li>\n<li>Heated Seats<\/li>\n<li>Rear View Camera<\/li>\n<li>Polttoaine- \/ akkuk\u00e4ytt\u00f6inen lis\u00e4l\u00e4mmitin<\/li>\n<li>Parking Sensors<\/li>\n<li>Rengaspainevalvonta -j\u00e4rjestelm\u00e4<\/li>\n<li>Sadetunnistin<\/li>\n<li>Sumuvalot<\/li>\n<li>Electric Windows<\/li>\n<li>Electric Mirrors<\/li>\n<li>Electric Seats<\/li>\n<li>Turbo<\/li>\n<li>Airbags<\/li>\n<li>Collision Warning System<\/li>\n<li>Urheiluistuimet<\/li>\n<li>Sport Suspension<\/li>\n<li>Cruise Control<\/li>\n<li>Premium Sound System<\/li>\n<li>Xenon-ajovalot<\/li>\n<li>Alarm System<\/li>\n<\/ul>\n","protected":false},"excerpt":{"rendered":"<p>N\u00e4ytt\u00e4v\u00e4! \/ Sporttinahat \/ HiFi \/ Digimittaristo \/ P.Kamera \/ Prof. Navi \/ Ambient \/ Ratinl\u00e4mmitin \/ 21&quot; Alut<\/p>\n","protected":false},"featured_media":134217,"template":"","meta":{"_acf_changed":false,"inline_featured_image":false},"product_brand":[],"product_cat":[360],"product_tag":[],"class_list":{"0":"post-134216","1":"product","2":"type-product","3":"status-publish","4":"has-post-thumbnail","6":"product_cat-bmw","8":"first","9":"instock","10":"shipping-taxable","11":"purchasable","12":"product-type-simple"},"acf":[],"_links":{"self":[{"href":"https:\/\/new.caar.fi\/en\/wp-json\/wp\/v2\/product\/134216","targetHints":{"allow":["GET"]}}],"collection":[{"href":"https:\/\/new.caar.fi\/en\/wp-json\/wp\/v2\/product"}],"about":[{"href":"https:\/\/new.caar.fi\/en\/wp-json\/wp\/v2\/types\/product"}],"wp:featuredmedia":[{"embeddable":true,"href":"https:\/\/new.caar.fi\/en\/wp-json\/wp\/v2\/media\/134217"}],"wp:attachment":[{"href":"https:\/\/new.caar.fi\/en\/wp-json\/wp\/v2\/media?parent=134216"}],"wp:term":[{"taxonomy":"product_brand","embeddable":true,"href":"https:\/\/new.caar.fi\/en\/wp-json\/wp\/v2\/product_brand?post=134216"},{"taxonomy":"product_cat","embeddable":true,"href":"https:\/\/new.caar.fi\/en\/wp-json\/wp\/v2\/product_cat?post=134216"},{"taxonomy":"product_tag","embeddable":true,"href":"https:\/\/new.caar.fi\/en\/wp-json\/wp\/v2\/product_tag?post=134216"}],"curies":[{"name":"wp","href":"https:\/\/api.w.org\/{rel}","templated":true}]}}