{"id":134221,"date":"2026-04-17T12:14:49","date_gmt":"2026-04-17T09:14:49","guid":{"rendered":"https:\/\/new.caar.fi\/autot\/2021-mercedes-benz-c-300-e-t-a-business-amg-edition-eq-power\/"},"modified":"2026-04-17T12:14:59","modified_gmt":"2026-04-17T09:14:59","slug":"2021-mercedes-benz-c-300-e-t-a-business-amg-edition-eq-power","status":"publish","type":"product","link":"https:\/\/new.caar.fi\/en\/autot\/2021-mercedes-benz-c-300-e-t-a-business-amg-edition-eq-power\/","title":{"rendered":"2021 Mercedes-Benz C 300 e T A Business AMG Edition EQ Power"},"content":{"rendered":"<div class=\"vehicle-description\">** CAAR &#8211; Turvallinen tie uuteen autoon **&amp;#10;&amp;#10;** CAAR on palveleva ja luotettava kauppias jokaiselle autoa ostavalle henkil\u00f6lle. Kotiintoimitamme, rahoitamme ja vaihdamme ajoneuvon juuri sinun tarpeidesi mukaan**&amp;#10;&amp;#10;** Ota yhteytt\u00e4 +358 50 413 6178 \/ Tuukka! **<\/p>\n<p>J\u00e4risytt\u00e4v\u00e4n n\u00e4ytt\u00e4v\u00e4 C 300e AMG sis\u00e4- ja ulkopaketeilla, Night -paketilla, sek\u00e4 koko komeuden kruunaavalla Hyacinth Red -metalliv\u00e4rill\u00e4. Ajoneuvon varustelutaso on suorastaan p\u00e4\u00e4t\u00e4huimaava. Digimittaristo tuo modernin tunteen ohjaamoon samalla, kun adaptiivinen vakionopeudens\u00e4\u00e4din kaistallapidolla ohjaa autoa puolestasi. Takaluukku avautuu sek\u00e4 sulkeutuu s\u00e4hk\u00f6toimisesti, joka tuo helpotusta p\u00e4ivitt\u00e4iseen k\u00e4ytt\u00f6\u00f6n. Vetokoukun ansiosta saat mukaasi vaikka vesijetin trailereineen tulevan kes\u00e4n m\u00f6kkireissuille. Huippu edistyksekk\u00e4\u00e4t Multibeam LED -ajovalot takaavat, ett\u00e4 matkan taittaminen on mukavaa my\u00f6s pimein\u00e4 vuodenaikoina.<\/p>\n<p>&#8211; AMG sis\u00e4- ja ulkopaketti<br \/>\n&#8211; Night -paketti<br \/>\n&#8211; Hyacinth Red -metalliv\u00e4ri<br \/>\n&#8211; Huoltokirja (s\u00e4hk\u00f6inen)<br \/>\n&#8211; Mobilo liikkuvuusturva voimassa<br \/>\n&#8211; Kattavasti huollettu<br \/>\n&#8211; Polttoaine-\/akkuk\u00e4ytt\u00f6inen lis\u00e4l\u00e4mmitin<br \/>\n&#8211; Digimittaristo<br \/>\n&#8211; Isompi n\u00e4ytt\u00f6<br \/>\n&#8211; Navigointij\u00e4rjestelm\u00e4<br \/>\n&#8211; Ambient -sis\u00e4tilanvalaistus<br \/>\n&#8211; KeylessGo -avaimeton k\u00e4ynnistys<br \/>\n&#8211; Multibeam LED -ajovalot kaukovaloautomatiikalla<br \/>\n&#8211; Adaptiivinen vakionopeudens\u00e4\u00e4din kaistallapitoavustimella<br \/>\n&#8211; Kaistavahti<br \/>\n&#8211; BLIS -katveavustin<br \/>\n&#8211; Liikennemerkkien tunnistus<br \/>\n&#8211; Peruutuskamera<br \/>\n&#8211; Pys\u00e4k\u00f6intitutkat<br \/>\n&#8211; Pys\u00e4k\u00f6intiavustin<br \/>\n&#8211; Nahka\/alcantara verhoilu<br \/>\n&#8211; Urheiluistuimet<br \/>\n&#8211; Osittain s\u00e4hk\u00f6s\u00e4\u00e4t\u00f6iset istuimet<br \/>\n&#8211; Penkinl\u00e4mmittimet<br \/>\n&#8211; Supersport -monitoimiohjauspy\u00f6r\u00e4<br \/>\n&#8211; Rattivaihteet<br \/>\n&#8211; Bluetooth<br \/>\n&#8211; Automaatti-ilmastointi<br \/>\n&#8211; Ajotilanvalitsin<br \/>\n&#8211; Sadetunnistin<br \/>\n&#8211; Isofix-valmius<br \/>\n&#8211; S\u00e4hk\u00f6k\u00e4ytt\u00f6iset ikkunat<br \/>\n&#8211; S\u00e4hk\u00f6toiminen takaluukku<br \/>\n&#8211; Kaukos\u00e4\u00e4t\u00f6inen keskuslukitus<br \/>\n&#8211; 2x avaimet<br \/>\n&#8211; Vetokoukku (alle taittuva)<br \/>\n&#8211; 18&quot; Nastarenkaat alumiinivanteilla<br \/>\n&#8211; 18&quot; Kes\u00e4renkaat alumiinivanteilla<\/p>\n<p>VIN: W1K2052531G065148<\/p>\n<p>** CAAR Huoleton -lis\u00e4turva saatavilla kaikkiin alle 250tkm ajettuihin \/ 20 vuotta vanhoihin autoihin **&amp;#10;&amp;#10;** Auton osto, myynti, vaihto, rahoitus, lis\u00e4turva ja v\u00e4litysmyynti &#8211; kaikki saman katon alta! Katso lis\u00e4\u00e4 osoitteesta: www.caar.fi **<\/p><\/div>\n<hr>\n<h3>Vehicle Details<\/h3>\n<table class=\"vehicle-specs\" style=\"border-collapse:collapse;width:100%\">\n<tr style=\"border-bottom:1px solid #eee\">\n<th style=\"text-align:left;padding:6px 12px 6px 0;font-weight:600\">Make<\/th>\n<td style=\"padding:6px 0\">Mercedes-Benz<\/td>\n<\/tr>\n<tr style=\"border-bottom:1px solid #eee\">\n<th style=\"text-align:left;padding:6px 12px 6px 0;font-weight:600\">Model<\/th>\n<td style=\"padding:6px 0\">C<\/td>\n<\/tr>\n<tr style=\"border-bottom:1px solid #eee\">\n<th style=\"text-align:left;padding:6px 12px 6px 0;font-weight:600\">Trim<\/th>\n<td style=\"padding:6px 0\">300 e T A Business AMG Edition EQ Power<\/td>\n<\/tr>\n<tr style=\"border-bottom:1px solid #eee\">\n<th style=\"text-align:left;padding:6px 12px 6px 0;font-weight:600\">Year<\/th>\n<td style=\"padding:6px 0\">2021<\/td>\n<\/tr>\n<tr style=\"border-bottom:1px solid #eee\">\n<th style=\"text-align:left;padding:6px 12px 6px 0;font-weight:600\">Mileage<\/th>\n<td style=\"padding:6px 0\">94,000 km<\/td>\n<\/tr>\n<tr style=\"border-bottom:1px solid #eee\">\n<th style=\"text-align:left;padding:6px 12px 6px 0;font-weight:600\">Price<\/th>\n<td style=\"padding:6px 0\">26 880 \u20ac<\/td>\n<\/tr>\n<tr style=\"border-bottom:1px solid #eee\">\n<th style=\"text-align:left;padding:6px 12px 6px 0;font-weight:600\">Tax Type<\/th>\n<td style=\"padding:6px 0\">Margin scheme (VAT included)<\/td>\n<\/tr>\n<tr style=\"border-bottom:1px solid #eee\">\n<th style=\"text-align:left;padding:6px 12px 6px 0;font-weight:600\">Financing<\/th>\n<td style=\"padding:6px 0\">from 529.71 \u20ac\/mo<\/td>\n<\/tr>\n<tr style=\"border-bottom:1px solid #eee\">\n<th style=\"text-align:left;padding:6px 12px 6px 0;font-weight:600\">Registration No.<\/th>\n<td style=\"padding:6px 0\">XRM-949<\/td>\n<\/tr>\n<\/table>\n<h3>Equipment<\/h3>\n<ul>\n<li>Adaptiiviset ajovalot<\/li>\n<li>Electronic Stability Control (ESC)<\/li>\n<li>Trip Computer<\/li>\n<li>Keyless Start<\/li>\n<li>Bluetooth<\/li>\n<li>Service Book: Digital<\/li>\n<li>Automatic Climate Control<\/li>\n<li>ISOFIX Child Seat Mounts<\/li>\n<li>Folding Rear Seats<\/li>\n<li>Two Sets of Tires<\/li>\n<li>Kaarrevalot<\/li>\n<li>Lane Keeping Assist<\/li>\n<li>Katveavustin<\/li>\n<li>Remote Central Locking<\/li>\n<li>Alloy Wheels<\/li>\n<li>Traction Control System<\/li>\n<li>LED Headlights<\/li>\n<li>Anti-lock Braking System (ABS)<\/li>\n<li>Multifunction Steering Wheel<\/li>\n<li>M\u00e4kil\u00e4ht\u00f6avustin<\/li>\n<li>Navigation System<\/li>\n<li>Nopeusrajoitus -tunnistin<\/li>\n<li>Power Steering<\/li>\n<li>Heated Seats<\/li>\n<li>Rear View Camera<\/li>\n<li>Polttoaine- \/ akkuk\u00e4ytt\u00f6inen lis\u00e4l\u00e4mmitin<\/li>\n<li>Pys\u00e4k\u00f6intiavustin<\/li>\n<li>Parking Sensors<\/li>\n<li>Sadetunnistin<\/li>\n<li>Electric Windows<\/li>\n<li>Electric Mirrors<\/li>\n<li>Electric Seats<\/li>\n<li>S\u00e4hk\u00f6toiminen takaluukku<\/li>\n<li>Tavaratilan turvaverkko<\/li>\n<li>Turbo<\/li>\n<li>Airbags<\/li>\n<li>Collision Warning System<\/li>\n<li>Urheiluistuimet<\/li>\n<li>Sport Suspension<\/li>\n<li>Adaptive Cruise Control<\/li>\n<li>Premium Sound System<\/li>\n<li>\u00c4lypuhelimen integrointi<\/li>\n<li>Tow Bar<\/li>\n<li>Alarm System<\/li>\n<\/ul>\n","protected":false},"excerpt":{"rendered":"<p>Supertyylik\u00e4s Facelift! \/ Distronic+ \/ BLIS \/ Digimittaristo \/ Multibeam LED \/ P. Kamera \/ S\u00e4hk\u00f6kontti \/ Koukku \/ Urheiluistuimet \/ Hyacinth Red<\/p>\n","protected":false},"featured_media":134222,"template":"","meta":{"_acf_changed":false,"inline_featured_image":false},"product_brand":[],"product_cat":[363],"product_tag":[],"class_list":{"0":"post-134221","1":"product","2":"type-product","3":"status-publish","4":"has-post-thumbnail","6":"product_cat-mercedes-benz","8":"first","9":"instock","10":"shipping-taxable","11":"purchasable","12":"product-type-simple"},"acf":[],"_links":{"self":[{"href":"https:\/\/new.caar.fi\/en\/wp-json\/wp\/v2\/product\/134221","targetHints":{"allow":["GET"]}}],"collection":[{"href":"https:\/\/new.caar.fi\/en\/wp-json\/wp\/v2\/product"}],"about":[{"href":"https:\/\/new.caar.fi\/en\/wp-json\/wp\/v2\/types\/product"}],"wp:featuredmedia":[{"embeddable":true,"href":"https:\/\/new.caar.fi\/en\/wp-json\/wp\/v2\/media\/134222"}],"wp:attachment":[{"href":"https:\/\/new.caar.fi\/en\/wp-json\/wp\/v2\/media?parent=134221"}],"wp:term":[{"taxonomy":"product_brand","embeddable":true,"href":"https:\/\/new.caar.fi\/en\/wp-json\/wp\/v2\/product_brand?post=134221"},{"taxonomy":"product_cat","embeddable":true,"href":"https:\/\/new.caar.fi\/en\/wp-json\/wp\/v2\/product_cat?post=134221"},{"taxonomy":"product_tag","embeddable":true,"href":"https:\/\/new.caar.fi\/en\/wp-json\/wp\/v2\/product_tag?post=134221"}],"curies":[{"name":"wp","href":"https:\/\/api.w.org\/{rel}","templated":true}]}}