{"id":134226,"date":"2026-04-17T12:15:09","date_gmt":"2026-04-17T09:15:09","guid":{"rendered":"https:\/\/new.caar.fi\/autot\/2014-bmw-335-f31-xdrive-m-sport\/"},"modified":"2026-04-17T12:15:18","modified_gmt":"2026-04-17T09:15:18","slug":"2014-bmw-335-f31-xdrive-m-sport","status":"publish","type":"product","link":"https:\/\/new.caar.fi\/en\/autot\/2014-bmw-335-f31-xdrive-m-sport\/","title":{"rendered":"2014 BMW 335 F31 xDrive M-Sport"},"content":{"rendered":"<div class=\"vehicle-description\">** CAAR &#8211; Turvallinen tie uuteen autoon **&amp;#10;&amp;#10;** CAAR on palveleva ja luotettava kauppias jokaiselle autoa ostavalle henkil\u00f6lle. Kotiintoimitamme, rahoitamme ja vaihdamme ajoneuvon juuri sinun tarpeidesi mukaan**&amp;#10;&amp;#10;** Ota yhteytt\u00e4 +358 50 413 6178 \/ Tuukka! **<\/p>\n<p>Upealla Black Sapphire -Metallic ulkov\u00e4rill\u00e4 varustettu BMW 335d nelivetona, sek\u00e4 8 -vaihteisella automaattivaihteistolla. Adaptiivinen M -alusta tekee auton ajettavuudesta tarvittaessa j\u00e4m\u00e4k\u00e4n samalla, kun HiFi -\u00e4\u00e4nentoisto soittaa kirkkaasti lempi musiikkiasi. KeylessGo -avaimeton k\u00e4ynnistys tekee ajoneuvon p\u00e4ivitt\u00e4isest\u00e4 k\u00e4yt\u00f6st\u00e4 helpompaa yhdess\u00e4 s\u00e4hk\u00f6toimisen takaluukun kanssa.<\/p>\n<p>&#8211; Tehtaan M-Sport -paketti<br \/>\n&#8211; HiFi -\u00e4\u00e4nentoisto<br \/>\n&#8211; Navigointi Professional<br \/>\n&#8211; Adaptiivinen M-alusta<br \/>\n&#8211; Mittaristo laajennetulla n\u00e4yt\u00f6ll\u00e4<br \/>\n&#8211; KeylessGo -avaimeton k\u00e4ynnistys<br \/>\n&#8211; Xenon -ajovalot<br \/>\n&#8211; Tummennetut takaikkunat<br \/>\n&#8211; Vakionopeudens\u00e4\u00e4din<br \/>\n&#8211; Pys\u00e4k\u00f6intitutkat<br \/>\n&#8211; Alcantaraverhoilu<br \/>\n&#8211; Urheiluistuimet<br \/>\n&#8211; Monitoimiohjauspy\u00f6r\u00e4<br \/>\n&#8211; Rattivaihteet<br \/>\n&#8211; Penkinl\u00e4mmittimet<br \/>\n&#8211; Automaatti-ilmastointi<br \/>\n&#8211; Sadetunnistin<br \/>\n&#8211; Sumuvalot<br \/>\n&#8211; Kaukos\u00e4\u00e4t\u00f6inen keskuslukitus<br \/>\n&#8211; Isofix-valmius<br \/>\n&#8211; S\u00e4hk\u00f6k\u00e4ytt\u00f6iset ikkunat<br \/>\n&#8211; S\u00e4hk\u00f6s\u00e4\u00e4t\u00f6iset peilit<br \/>\n&#8211; S\u00e4hk\u00f6toiminen takaluukku<br \/>\n&#8211; Ajotietokone<br \/>\n&#8211; Bluetooth<br \/>\n&#8211; ABS -jarrut<br \/>\n&#8211; Luistonestoj\u00e4rjestelm\u00e4<br \/>\n&#8211; Ajonvakautusj\u00e4rjestelm\u00e4<br \/>\n&#8211; 19&quot; Alumiinivanteet hyvill\u00e4 kes\u00e4renkailla<br \/>\n&#8211; 18&quot; Alumiinivanteet hyvill\u00e4 kitkarenkailla<\/p>\n<p>** CAAR Huoleton -lis\u00e4turva saatavilla kaikkiin alle 250tkm ajettuihin \/ 20 vuotta vanhoihin autoihin **&amp;#10;&amp;#10;** Auton osto, myynti, vaihto, rahoitus, lis\u00e4turva ja v\u00e4litysmyynti &#8211; kaikki saman katon alta! Katso lis\u00e4\u00e4 osoitteesta: www.caar.fi **<\/p><\/div>\n<hr>\n<h3>Vehicle Details<\/h3>\n<table class=\"vehicle-specs\" style=\"border-collapse:collapse;width:100%\">\n<tr style=\"border-bottom:1px solid #eee\">\n<th style=\"text-align:left;padding:6px 12px 6px 0;font-weight:600\">Make<\/th>\n<td style=\"padding:6px 0\">BMW<\/td>\n<\/tr>\n<tr style=\"border-bottom:1px solid #eee\">\n<th style=\"text-align:left;padding:6px 12px 6px 0;font-weight:600\">Model<\/th>\n<td style=\"padding:6px 0\">335<\/td>\n<\/tr>\n<tr style=\"border-bottom:1px solid #eee\">\n<th style=\"text-align:left;padding:6px 12px 6px 0;font-weight:600\">Trim<\/th>\n<td style=\"padding:6px 0\">F31 xDrive M-Sport<\/td>\n<\/tr>\n<tr style=\"border-bottom:1px solid #eee\">\n<th style=\"text-align:left;padding:6px 12px 6px 0;font-weight:600\">Year<\/th>\n<td style=\"padding:6px 0\">2014<\/td>\n<\/tr>\n<tr style=\"border-bottom:1px solid #eee\">\n<th style=\"text-align:left;padding:6px 12px 6px 0;font-weight:600\">Mileage<\/th>\n<td style=\"padding:6px 0\">191,000 km<\/td>\n<\/tr>\n<tr style=\"border-bottom:1px solid #eee\">\n<th style=\"text-align:left;padding:6px 12px 6px 0;font-weight:600\">Price<\/th>\n<td style=\"padding:6px 0\">26 880 \u20ac<\/td>\n<\/tr>\n<tr style=\"border-bottom:1px solid #eee\">\n<th style=\"text-align:left;padding:6px 12px 6px 0;font-weight:600\">Tax Type<\/th>\n<td style=\"padding:6px 0\">Margin scheme (VAT included)<\/td>\n<\/tr>\n<tr style=\"border-bottom:1px solid #eee\">\n<th style=\"text-align:left;padding:6px 12px 6px 0;font-weight:600\">Financing<\/th>\n<td style=\"padding:6px 0\">from 529.71 \u20ac\/mo<\/td>\n<\/tr>\n<tr style=\"border-bottom:1px solid #eee\">\n<th style=\"text-align:left;padding:6px 12px 6px 0;font-weight:600\">Registration No.<\/th>\n<td style=\"padding:6px 0\">YZZ-993<\/td>\n<\/tr>\n<\/table>\n<h3>Equipment<\/h3>\n<ul>\n<li>Electronic Stability Control (ESC)<\/li>\n<li>Trip Computer<\/li>\n<li>Keyless Start<\/li>\n<li>Bluetooth<\/li>\n<li>Service Book: Digital<\/li>\n<li>Automatic Climate Control<\/li>\n<li>ISOFIX Child Seat Mounts<\/li>\n<li>Folding Rear Seats<\/li>\n<li>Two Sets of Tires<\/li>\n<li>Remote Central Locking<\/li>\n<li>Alloy Wheels<\/li>\n<li>Traction Control System<\/li>\n<li>Anti-lock Braking System (ABS)<\/li>\n<li>Multifunction Steering Wheel<\/li>\n<li>M\u00e4kil\u00e4ht\u00f6avustin<\/li>\n<li>Navigation System<\/li>\n<li>Power Steering<\/li>\n<li>Heated Seats<\/li>\n<li>Parking Sensors<\/li>\n<li>Sadetunnistin<\/li>\n<li>Start-stop-j\u00e4rjestelm\u00e4<\/li>\n<li>Sumuvalot<\/li>\n<li>Electric Windows<\/li>\n<li>Electric Mirrors<\/li>\n<li>S\u00e4hk\u00f6toiminen takaluukku<\/li>\n<li>Turbo<\/li>\n<li>Airbags<\/li>\n<li>Urheiluistuimet<\/li>\n<li>Sport Suspension<\/li>\n<li>Cruise Control<\/li>\n<li>Alarm System<\/li>\n<li>Xenon-ajovalot<\/li>\n<li>Premium Sound System<\/li>\n<\/ul>\n","protected":false},"excerpt":{"rendered":"<p>Adapt. M -alusta \/ HiFi \/ Prof. Navi \/ KeylessGo \/ Sporttipenkit \/ S\u00e4hk\u00f6kontti \/ Vakkari \/ Xenon -valot \/ Tutkat \/ 2x Hyv\u00e4t renkaat \/ 2x Alut<\/p>\n","protected":false},"featured_media":134227,"template":"","meta":{"_acf_changed":false,"inline_featured_image":false},"product_brand":[],"product_cat":[360],"product_tag":[],"class_list":{"0":"post-134226","1":"product","2":"type-product","3":"status-publish","4":"has-post-thumbnail","6":"product_cat-bmw","8":"first","9":"instock","10":"shipping-taxable","11":"purchasable","12":"product-type-simple"},"acf":[],"_links":{"self":[{"href":"https:\/\/new.caar.fi\/en\/wp-json\/wp\/v2\/product\/134226","targetHints":{"allow":["GET"]}}],"collection":[{"href":"https:\/\/new.caar.fi\/en\/wp-json\/wp\/v2\/product"}],"about":[{"href":"https:\/\/new.caar.fi\/en\/wp-json\/wp\/v2\/types\/product"}],"wp:featuredmedia":[{"embeddable":true,"href":"https:\/\/new.caar.fi\/en\/wp-json\/wp\/v2\/media\/134227"}],"wp:attachment":[{"href":"https:\/\/new.caar.fi\/en\/wp-json\/wp\/v2\/media?parent=134226"}],"wp:term":[{"taxonomy":"product_brand","embeddable":true,"href":"https:\/\/new.caar.fi\/en\/wp-json\/wp\/v2\/product_brand?post=134226"},{"taxonomy":"product_cat","embeddable":true,"href":"https:\/\/new.caar.fi\/en\/wp-json\/wp\/v2\/product_cat?post=134226"},{"taxonomy":"product_tag","embeddable":true,"href":"https:\/\/new.caar.fi\/en\/wp-json\/wp\/v2\/product_tag?post=134226"}],"curies":[{"name":"wp","href":"https:\/\/api.w.org\/{rel}","templated":true}]}}