{"id":134231,"date":"2026-04-17T12:15:27","date_gmt":"2026-04-17T09:15:27","guid":{"rendered":"https:\/\/new.caar.fi\/autot\/2011-mercedes-benz-e-500-coupe-a-v8\/"},"modified":"2026-04-17T12:15:37","modified_gmt":"2026-04-17T09:15:37","slug":"2011-mercedes-benz-e-500-coupe-a-v8","status":"publish","type":"product","link":"https:\/\/new.caar.fi\/en\/autot\/2011-mercedes-benz-e-500-coupe-a-v8\/","title":{"rendered":"2011 Mercedes-Benz E 500 Coup\u00e9 A V8"},"content":{"rendered":"<div class=\"vehicle-description\">** CAAR &#8211; Turvallinen tie uuteen autoon **&amp;#10;&amp;#10;** CAAR on palveleva ja luotettava kauppias jokaiselle autoa ostavalle henkil\u00f6lle. Kotiintoimitamme, rahoitamme ja vaihdamme ajoneuvon juuri sinun tarpeidesi mukaan**&amp;#10;&amp;#10;** Ota yhteytt\u00e4 +358 50 413 6178 \/ Tuukka! **<\/p>\n<p>Coup\u00e9 E-luokan Mercedes-Benz on sopiva kulkine niille, jotka haluavat isommalta Mersultaan hieman lis\u00e4\u00e4 tyyli\u00e4 ja sporttisempaa ulkon\u00e4k\u00f6\u00e4 sek\u00e4 suorituskyky\u00e4. 5,5 litrainen vapaasti hengitt\u00e4v\u00e4 V8 tarjoaa herrasmiesm\u00e4iset s\u00e4velet. Kyseinen yksil\u00f6 on ollut edellisell\u00e4 omistajalla 10 vuotta ja autoa on pidetty hyvin.<\/p>\n<p>&#8211; ACC &#8211; Adaptiivinen vakionopeudens\u00e4\u00e4din<br \/>\n&#8211; ILS Bi-Xenon -ajovalot<br \/>\n&#8211; Adaptiivinen vakionopeudens\u00e4\u00e4din<br \/>\n&#8211; Nahkaverhoilu<br \/>\n&#8211; Urheiluistuimet<br \/>\n&#8211; Katsastettu 03\/2026<br \/>\n&#8211; S\u00e4hk\u00f6s\u00e4\u00e4t\u00f6iset istuimet muistipaikoin<br \/>\n&#8211; S\u00e4hk\u00f6s\u00e4\u00e4t\u00f6inen ristisel\u00e4ntuenta<br \/>\n&#8211; Automaatti-ilmastointi<br \/>\n&#8211; Ajotietokone<br \/>\n&#8211; S\u00e4hk\u00f6s\u00e4\u00e4t\u00f6inen monitoimiohjauspy\u00f6r\u00e4<br \/>\n&#8211; Rattivaihteet<br \/>\n&#8211; Isofix-valmius<br \/>\n&#8211; ABS -jarrut<br \/>\n&#8211; Luistonesto<br \/>\n&#8211; Ajonvakautusj\u00e4rjestelm\u00e4<br \/>\n&#8211; S\u00e4hk\u00f6toimiset ikkunat<br \/>\n&#8211; S\u00e4hk\u00f6k\u00e4ytt\u00f6iset sivupeilit<br \/>\n&#8211; Kaukos\u00e4\u00e4t\u00f6inen keskuslukitus<br \/>\n&#8211; 2x Avaimet<br \/>\n&#8211; Huoltokirja (s\u00e4hk\u00f6inen)<br \/>\n&#8211; 19&quot; Kes\u00e4renkaat alumiinivanteilla<br \/>\n&#8211; 18&quot; Kitkarenkaat alumiinivanteilla<\/p>\n<p>** CAAR Huoleton -lis\u00e4turva saatavilla kaikkiin alle 250tkm ajettuihin \/ 20 vuotta vanhoihin autoihin **&amp;#10;&amp;#10;** Auton osto, myynti, vaihto, rahoitus, lis\u00e4turva ja v\u00e4litysmyynti &#8211; kaikki saman katon alta! Katso lis\u00e4\u00e4 osoitteesta: www.caar.fi **<\/p><\/div>\n<hr>\n<h3>Vehicle Details<\/h3>\n<table class=\"vehicle-specs\" style=\"border-collapse:collapse;width:100%\">\n<tr style=\"border-bottom:1px solid #eee\">\n<th style=\"text-align:left;padding:6px 12px 6px 0;font-weight:600\">Make<\/th>\n<td style=\"padding:6px 0\">Mercedes-Benz<\/td>\n<\/tr>\n<tr style=\"border-bottom:1px solid #eee\">\n<th style=\"text-align:left;padding:6px 12px 6px 0;font-weight:600\">Model<\/th>\n<td style=\"padding:6px 0\">E<\/td>\n<\/tr>\n<tr style=\"border-bottom:1px solid #eee\">\n<th style=\"text-align:left;padding:6px 12px 6px 0;font-weight:600\">Trim<\/th>\n<td style=\"padding:6px 0\">500 Coup\u00e9 A V8<\/td>\n<\/tr>\n<tr style=\"border-bottom:1px solid #eee\">\n<th style=\"text-align:left;padding:6px 12px 6px 0;font-weight:600\">Year<\/th>\n<td style=\"padding:6px 0\">2011<\/td>\n<\/tr>\n<tr style=\"border-bottom:1px solid #eee\">\n<th style=\"text-align:left;padding:6px 12px 6px 0;font-weight:600\">Mileage<\/th>\n<td style=\"padding:6px 0\">181,000 km<\/td>\n<\/tr>\n<tr style=\"border-bottom:1px solid #eee\">\n<th style=\"text-align:left;padding:6px 12px 6px 0;font-weight:600\">Price<\/th>\n<td style=\"padding:6px 0\">20 980 \u20ac<\/td>\n<\/tr>\n<tr style=\"border-bottom:1px solid #eee\">\n<th style=\"text-align:left;padding:6px 12px 6px 0;font-weight:600\">Tax Type<\/th>\n<td style=\"padding:6px 0\">Margin scheme (VAT included)<\/td>\n<\/tr>\n<tr style=\"border-bottom:1px solid #eee\">\n<th style=\"text-align:left;padding:6px 12px 6px 0;font-weight:600\">Financing<\/th>\n<td style=\"padding:6px 0\">from 416.92 \u20ac\/mo<\/td>\n<\/tr>\n<tr style=\"border-bottom:1px solid #eee\">\n<th style=\"text-align:left;padding:6px 12px 6px 0;font-weight:600\">Registration No.<\/th>\n<td style=\"padding:6px 0\">GMZ-224<\/td>\n<\/tr>\n<\/table>\n<h3>Equipment<\/h3>\n<ul>\n<li>Adaptiiviset ajovalot<\/li>\n<li>Electronic Stability Control (ESC)<\/li>\n<li>Trip Computer<\/li>\n<li>Bluetooth<\/li>\n<li>Service Book: Digital<\/li>\n<li>Automatic Climate Control<\/li>\n<li>ISOFIX Child Seat Mounts<\/li>\n<li>Two Sets of Tires<\/li>\n<li>Remote Central Locking<\/li>\n<li>Alloy Wheels<\/li>\n<li>Traction Control System<\/li>\n<li>Anti-lock Braking System (ABS)<\/li>\n<li>Multifunction Steering Wheel<\/li>\n<li>Leather Upholstery<\/li>\n<li>Navigation System<\/li>\n<li>Power Steering<\/li>\n<li>Electric Mirrors<\/li>\n<li>Electric Seats with Memory<\/li>\n<li>Electric Windows<\/li>\n<li>Airbags<\/li>\n<li>Urheiluistuimet<\/li>\n<li>Sport Suspension<\/li>\n<li>Adaptive Cruise Control<\/li>\n<li>Premium Sound System<\/li>\n<li>Xenon-ajovalot<\/li>\n<li>Alarm System<\/li>\n<\/ul>\n","protected":false},"excerpt":{"rendered":"<p>ACC \/ ILS -xenon \/ Muistinahat \/ 10 vuotta edellisell\u00e4 omistajalla \/ Navi \/ Bluetooth<\/p>\n","protected":false},"featured_media":134232,"template":"","meta":{"_acf_changed":false,"inline_featured_image":false},"product_brand":[],"product_cat":[363],"product_tag":[],"class_list":{"0":"post-134231","1":"product","2":"type-product","3":"status-publish","4":"has-post-thumbnail","6":"product_cat-mercedes-benz","8":"first","9":"instock","10":"shipping-taxable","11":"purchasable","12":"product-type-simple"},"acf":[],"_links":{"self":[{"href":"https:\/\/new.caar.fi\/en\/wp-json\/wp\/v2\/product\/134231","targetHints":{"allow":["GET"]}}],"collection":[{"href":"https:\/\/new.caar.fi\/en\/wp-json\/wp\/v2\/product"}],"about":[{"href":"https:\/\/new.caar.fi\/en\/wp-json\/wp\/v2\/types\/product"}],"wp:featuredmedia":[{"embeddable":true,"href":"https:\/\/new.caar.fi\/en\/wp-json\/wp\/v2\/media\/134232"}],"wp:attachment":[{"href":"https:\/\/new.caar.fi\/en\/wp-json\/wp\/v2\/media?parent=134231"}],"wp:term":[{"taxonomy":"product_brand","embeddable":true,"href":"https:\/\/new.caar.fi\/en\/wp-json\/wp\/v2\/product_brand?post=134231"},{"taxonomy":"product_cat","embeddable":true,"href":"https:\/\/new.caar.fi\/en\/wp-json\/wp\/v2\/product_cat?post=134231"},{"taxonomy":"product_tag","embeddable":true,"href":"https:\/\/new.caar.fi\/en\/wp-json\/wp\/v2\/product_tag?post=134231"}],"curies":[{"name":"wp","href":"https:\/\/api.w.org\/{rel}","templated":true}]}}