{"id":134236,"date":"2026-04-17T12:15:47","date_gmt":"2026-04-17T09:15:47","guid":{"rendered":"https:\/\/new.caar.fi\/autot\/2017-toyota-rav4-25-hybrid-fwd-active\/"},"modified":"2026-04-17T12:15:57","modified_gmt":"2026-04-17T09:15:57","slug":"2017-toyota-rav4-25-hybrid-fwd-active","status":"publish","type":"product","link":"https:\/\/new.caar.fi\/en\/autot\/2017-toyota-rav4-25-hybrid-fwd-active\/","title":{"rendered":"2017 Toyota RAV4 2,5 Hybrid FWD Active"},"content":{"rendered":"<div class=\"vehicle-description\">Luotettavalla tekniikalla ja fiksuilla kilometreill\u00e4 varustettu Toyota RAV4, joka tilojensa ja maavaransa ansiosta soveltuu erinomaisesti ymp\u00e4rivuotiseksi k\u00e4ytt\u00f6autoksi. Irrotettavan vetokoukun ansiosta ved\u00e4t tarvittaessa per\u00e4k\u00e4rryn mukanasi ja s\u00e4hk\u00f6inen takaluukku helpottaa arkik\u00e4ytt\u00f6\u00e4. Keyless -avaimeton k\u00e4ynnistys ja kulku mahdollistaa autoilun koskematta avaimeen, riitt\u00e4\u00e4 kun pid\u00e4t sen taskussa. Kaksilla hyvill\u00e4 renkailla ja heti valmiina ajoon. Suosittu ja luotettava Toyotan malli! Ole nopea, sill\u00e4 n\u00e4m\u00e4 myyd\u00e4\u00e4n meilt\u00e4 k\u00e4sist\u00e4!<\/p>\n<p>&#8211; Merkkihuollettu<br \/>\n&#8211; LED -ajovalot<br \/>\n&#8211; Lohkol\u00e4mmitin sis\u00e4tilanpistokkeella<br \/>\n&#8211; Keyless -avaimeton k\u00e4ynnistys ja kulku<br \/>\n&#8211; Peruutuskamera<br \/>\n&#8211; Irrotettava vetokoukku<br \/>\n&#8211; S\u00e4hk\u00f6k\u00e4ytt\u00f6inen takaluukku<br \/>\n&#8211; Automaatti-ilmastointi<br \/>\n&#8211; Penkinl\u00e4mmittimet<br \/>\n&#8211; Ajotietokone<br \/>\n&#8211; Keskikonsoli<br \/>\n&#8211; Nahkaverhoiltu monitoimiohjauspy\u00f6r\u00e4<br \/>\n&#8211; Nahkaverhoiltu keskikonsoli<br \/>\n&#8211; Ajotilanvalitsin: EV Mode, ECO Mode, Sport<br \/>\n&#8211; S\u00e4hk\u00f6k\u00e4ytt\u00f6iset ikkunat<br \/>\n&#8211; S\u00e4hk\u00f6s\u00e4\u00e4t\u00f6iset peilit<br \/>\n&#8211; Automaattisesti himmenev\u00e4 taustapeili<br \/>\n&#8211; Sadetunnistin<br \/>\n&#8211; Isofix-valmius<br \/>\n&#8211; ABS -jarrut<br \/>\n&#8211; Ajonvakautusj\u00e4rjestelm\u00e4<br \/>\n&#8211; Luistonestoj\u00e4rjestelm\u00e4<br \/>\n&#8211; USB, 12V, AUV<br \/>\n&#8211; 2x Avaimet<br \/>\n&#8211; 17&quot; Alumiinivanteet hyv\u00e4kuntoisilla Nokian Hakkapeliitta 10 nastarenkailla<br \/>\n&#8211; 17&quot; Toyotan alkuper\u00e4iset alumiinivanteet hyv\u00e4kuntoisilla kes\u00e4renkailla<\/div>\n<hr>\n<h3>Vehicle Details<\/h3>\n<table class=\"vehicle-specs\" style=\"border-collapse:collapse;width:100%\">\n<tr style=\"border-bottom:1px solid #eee\">\n<th style=\"text-align:left;padding:6px 12px 6px 0;font-weight:600\">Make<\/th>\n<td style=\"padding:6px 0\">Toyota<\/td>\n<\/tr>\n<tr style=\"border-bottom:1px solid #eee\">\n<th style=\"text-align:left;padding:6px 12px 6px 0;font-weight:600\">Model<\/th>\n<td style=\"padding:6px 0\">RAV4<\/td>\n<\/tr>\n<tr style=\"border-bottom:1px solid #eee\">\n<th style=\"text-align:left;padding:6px 12px 6px 0;font-weight:600\">Trim<\/th>\n<td style=\"padding:6px 0\">2,5 Hybrid FWD Active<\/td>\n<\/tr>\n<tr style=\"border-bottom:1px solid #eee\">\n<th style=\"text-align:left;padding:6px 12px 6px 0;font-weight:600\">Year<\/th>\n<td style=\"padding:6px 0\">2017<\/td>\n<\/tr>\n<tr style=\"border-bottom:1px solid #eee\">\n<th style=\"text-align:left;padding:6px 12px 6px 0;font-weight:600\">Mileage<\/th>\n<td style=\"padding:6px 0\">141,000 km<\/td>\n<\/tr>\n<tr style=\"border-bottom:1px solid #eee\">\n<th style=\"text-align:left;padding:6px 12px 6px 0;font-weight:600\">Price<\/th>\n<td style=\"padding:6px 0\">20 750 \u20ac<\/td>\n<\/tr>\n<tr style=\"border-bottom:1px solid #eee\">\n<th style=\"text-align:left;padding:6px 12px 6px 0;font-weight:600\">Tax Type<\/th>\n<td style=\"padding:6px 0\">Margin scheme (VAT included)<\/td>\n<\/tr>\n<tr style=\"border-bottom:1px solid #eee\">\n<th style=\"text-align:left;padding:6px 12px 6px 0;font-weight:600\">Financing<\/th>\n<td style=\"padding:6px 0\">from 412.52 \u20ac\/mo<\/td>\n<\/tr>\n<tr style=\"border-bottom:1px solid #eee\">\n<th style=\"text-align:left;padding:6px 12px 6px 0;font-weight:600\">Registration No.<\/th>\n<td style=\"padding:6px 0\">GOL-915<\/td>\n<\/tr>\n<\/table>\n<h3>Equipment<\/h3>\n<ul>\n<li>Electronic Stability Control (ESC)<\/li>\n<li>Trip Computer<\/li>\n<li>Audio Input<\/li>\n<li>Keyless Start<\/li>\n<li>Service Book: Paper<\/li>\n<li>Automatic Climate Control<\/li>\n<li>ISOFIX Child Seat Mounts<\/li>\n<li>Folding Rear Seats<\/li>\n<li>Two Sets of Tires<\/li>\n<li>Keyless Central Locking<\/li>\n<li>Remote Central Locking<\/li>\n<li>Alloy Wheels<\/li>\n<li>LED Headlights<\/li>\n<li>Engine Block Heater<\/li>\n<li>Traction Control System<\/li>\n<li>Central Locking<\/li>\n<li>Anti-lock Braking System (ABS)<\/li>\n<li>Multifunction Steering Wheel<\/li>\n<li>M\u00e4kil\u00e4ht\u00f6avustin<\/li>\n<li>Power Steering<\/li>\n<li>Heated Seats<\/li>\n<li>Rear View Camera<\/li>\n<li>Parking Sensors<\/li>\n<li>Sadetunnistin<\/li>\n<li>Sis\u00e4tilanpistoke<\/li>\n<li>Electric Windows<\/li>\n<li>Electric Mirrors<\/li>\n<li>S\u00e4hk\u00f6toiminen takaluukku<\/li>\n<li>Airbags<\/li>\n<li>USB<\/li>\n<li>Cruise Control<\/li>\n<li>Premium Sound System<\/li>\n<li>Tow Bar<\/li>\n<li>Alarm System<\/li>\n<\/ul>\n","protected":false},"excerpt":{"rendered":"<p>Merkkihuollettu \/ Lohkol\u00e4mmitin \/ Keyless \/ P. Kamera \/ LED -ajovalot \/ 2x Hyv\u00e4t renkaat \/ Irrotettava koukku \/ S\u00e4hk\u00f6kontti \/ Automaatti-ilmastointi \/ Penkinl\u00e4mmittimet \/ 2x Avaimet<\/p>\n","protected":false},"featured_media":134237,"template":"","meta":{"_acf_changed":false,"inline_featured_image":false},"product_brand":[],"product_cat":[369],"product_tag":[],"class_list":{"0":"post-134236","1":"product","2":"type-product","3":"status-publish","4":"has-post-thumbnail","6":"product_cat-toyota","8":"first","9":"instock","10":"shipping-taxable","11":"purchasable","12":"product-type-simple"},"acf":[],"_links":{"self":[{"href":"https:\/\/new.caar.fi\/en\/wp-json\/wp\/v2\/product\/134236","targetHints":{"allow":["GET"]}}],"collection":[{"href":"https:\/\/new.caar.fi\/en\/wp-json\/wp\/v2\/product"}],"about":[{"href":"https:\/\/new.caar.fi\/en\/wp-json\/wp\/v2\/types\/product"}],"wp:featuredmedia":[{"embeddable":true,"href":"https:\/\/new.caar.fi\/en\/wp-json\/wp\/v2\/media\/134237"}],"wp:attachment":[{"href":"https:\/\/new.caar.fi\/en\/wp-json\/wp\/v2\/media?parent=134236"}],"wp:term":[{"taxonomy":"product_brand","embeddable":true,"href":"https:\/\/new.caar.fi\/en\/wp-json\/wp\/v2\/product_brand?post=134236"},{"taxonomy":"product_cat","embeddable":true,"href":"https:\/\/new.caar.fi\/en\/wp-json\/wp\/v2\/product_cat?post=134236"},{"taxonomy":"product_tag","embeddable":true,"href":"https:\/\/new.caar.fi\/en\/wp-json\/wp\/v2\/product_tag?post=134236"}],"curies":[{"name":"wp","href":"https:\/\/api.w.org\/{rel}","templated":true}]}}