{"id":134241,"date":"2026-04-17T12:16:07","date_gmt":"2026-04-17T09:16:07","guid":{"rendered":"https:\/\/new.caar.fi\/autot\/2017-bmw-320-f30-sedan-lci-a-xdrive-m-sport\/"},"modified":"2026-04-17T12:16:16","modified_gmt":"2026-04-17T09:16:16","slug":"2017-bmw-320-f30-sedan-lci-a-xdrive-m-sport","status":"publish","type":"product","link":"https:\/\/new.caar.fi\/en\/autot\/2017-bmw-320-f30-sedan-lci-a-xdrive-m-sport\/","title":{"rendered":"2017 BMW 320 F30 Sedan LCI A xDrive M Sport"},"content":{"rendered":"<div class=\"vehicle-description\">** CAAR &#8211; Turvallinen tie uuteen autoon **&amp;#10;&amp;#10;** CAAR on palveleva ja luotettava kauppias jokaiselle autoa ostavalle henkil\u00f6lle. Kotiintoimitamme, rahoitamme ja vaihdamme ajoneuvon juuri sinun tarpeidesi mukaan**&amp;#10;&amp;#10;** Ota yhteytt\u00e4 +358 50 413 6178 \/ Tuukka! **<\/p>\n<p>N\u00e4ytt\u00e4v\u00e4ll\u00e4 Alpinweiss 3 -ulkov\u00e4rill\u00e4 ja Korall-Rot -punaisella nahkasisustalla varustettu 320i xDrive. N\u00e4ytt\u00e4v\u00e4\u00e4 v\u00e4rimaailmaa komppaamassa l\u00f6ytyy tietysti tehtaan M-Sport sis\u00e4- ja ulkopaketti, joka pit\u00e4\u00e4 sis\u00e4ll\u00e4\u00e4n mm. mustan sis\u00e4kattoverhoilun, M-Sport -monitoimiohjauspy\u00f6r\u00e4n, sek\u00e4 muita n\u00e4ytt\u00e4vi\u00e4 yksityiskohtia. Adaptiiviset LED -ajovalot takaavat, ett\u00e4 n\u00e4kyvyys on loistava my\u00f6s pimeill\u00e4kin keleill\u00e4, sek\u00e4 HiFi -\u00e4\u00e4nentoiston avulla kuuntelet lempimusiikkiasi loistavalla \u00e4\u00e4nenlaadulla. <\/p>\n<p>&#8211; Suomi-Auto<br \/>\n&#8211; Lohkol\u00e4mmitin<br \/>\n&#8211; Alpinweiss 3 -ulkov\u00e4ri<br \/>\n&#8211; M-Sport -paketti<br \/>\n&#8211; Vakinopeudens\u00e4\u00e4din<br \/>\n&#8211; Adapt. LED -ajovalot kaukovaloautomatiikalla<br \/>\n&#8211; LED -sumuvalot<br \/>\n&#8211; HiFi -\u00e4\u00e4nentoisto<br \/>\n&#8211; Laajennettu mittaristo<br \/>\n&#8211; L\u00e4mmitett\u00e4v\u00e4 monitoimiohjauspy\u00f6r\u00e4<br \/>\n&#8211; KeylessGo -avaimeton k\u00e4ynnistys<br \/>\n&#8211; Urheiluistuimet<br \/>\n&#8211; Punainen nahkaverhoilu<br \/>\n&#8211; Ajotietokone<br \/>\n&#8211; Keskin\u00e4ytt\u00f6<br \/>\n&#8211; Navigointi<br \/>\n&#8211; Bluetooth<br \/>\n&#8211; Automaatti-ilmastointi<br \/>\n&#8211; Penkinl\u00e4mmittimet<br \/>\n&#8211; Pys\u00e4k\u00f6intitutkat<br \/>\n&#8211; Isofix-valmius<br \/>\n&#8211; S\u00e4hk\u00f6s\u00e4\u00e4t\u00f6iset ikkunat<br \/>\n&#8211; Kaukos\u00e4\u00e4t\u00f6inen keskuslukitus<br \/>\n&#8211; S\u00e4hk\u00f6s\u00e4\u00e4t\u00f6iset sivupeilit<br \/>\n&#8211; 18&quot; Alumiinivanteet hyv\u00e4kuntoisilla TOYO kes\u00e4renkailla<br \/>\n&#8211; 18&quot; AEZ Alumiinivanteet hyv\u00e4kuntoisilla Nokian Hakkapeliitta 10 nastarenkailla<\/p>\n<p>** CAAR Huoleton -lis\u00e4turva saatavilla kaikkiin alle 250tkm ajettuihin \/ 20 vuotta vanhoihin autoihin **&amp;#10;&amp;#10;** Auton osto, myynti, vaihto, rahoitus, lis\u00e4turva ja v\u00e4litysmyynti &#8211; kaikki saman katon alta! Katso lis\u00e4\u00e4 osoitteesta: www.caar.fi **<\/p><\/div>\n<hr>\n<h3>Vehicle Details<\/h3>\n<table class=\"vehicle-specs\" style=\"border-collapse:collapse;width:100%\">\n<tr style=\"border-bottom:1px solid #eee\">\n<th style=\"text-align:left;padding:6px 12px 6px 0;font-weight:600\">Make<\/th>\n<td style=\"padding:6px 0\">BMW<\/td>\n<\/tr>\n<tr style=\"border-bottom:1px solid #eee\">\n<th style=\"text-align:left;padding:6px 12px 6px 0;font-weight:600\">Model<\/th>\n<td style=\"padding:6px 0\">320<\/td>\n<\/tr>\n<tr style=\"border-bottom:1px solid #eee\">\n<th style=\"text-align:left;padding:6px 12px 6px 0;font-weight:600\">Trim<\/th>\n<td style=\"padding:6px 0\">F30 Sedan LCI A xDrive M Sport<\/td>\n<\/tr>\n<tr style=\"border-bottom:1px solid #eee\">\n<th style=\"text-align:left;padding:6px 12px 6px 0;font-weight:600\">Year<\/th>\n<td style=\"padding:6px 0\">2017<\/td>\n<\/tr>\n<tr style=\"border-bottom:1px solid #eee\">\n<th style=\"text-align:left;padding:6px 12px 6px 0;font-weight:600\">Mileage<\/th>\n<td style=\"padding:6px 0\">202,000 km<\/td>\n<\/tr>\n<tr style=\"border-bottom:1px solid #eee\">\n<th style=\"text-align:left;padding:6px 12px 6px 0;font-weight:600\">Price<\/th>\n<td style=\"padding:6px 0\">19 790 \u20ac<\/td>\n<\/tr>\n<tr style=\"border-bottom:1px solid #eee\">\n<th style=\"text-align:left;padding:6px 12px 6px 0;font-weight:600\">Tax Type<\/th>\n<td style=\"padding:6px 0\">Margin scheme (VAT included)<\/td>\n<\/tr>\n<tr style=\"border-bottom:1px solid #eee\">\n<th style=\"text-align:left;padding:6px 12px 6px 0;font-weight:600\">Financing<\/th>\n<td style=\"padding:6px 0\">from 394.17 \u20ac\/mo<\/td>\n<\/tr>\n<tr style=\"border-bottom:1px solid #eee\">\n<th style=\"text-align:left;padding:6px 12px 6px 0;font-weight:600\">Registration No.<\/th>\n<td style=\"padding:6px 0\">OXA-264<\/td>\n<\/tr>\n<\/table>\n<h3>Equipment<\/h3>\n<ul>\n<li>Adaptiiviset ajovalot<\/li>\n<li>Electronic Stability Control (ESC)<\/li>\n<li>Trip Computer<\/li>\n<li>Keyless Start<\/li>\n<li>Bluetooth<\/li>\n<li>Service Book: Digital<\/li>\n<li>Automatic Climate Control<\/li>\n<li>ISOFIX Child Seat Mounts<\/li>\n<li>Folding Rear Seats<\/li>\n<li>Kaarrevalot<\/li>\n<li>Two Sets of Tires<\/li>\n<li>Remote Central Locking<\/li>\n<li>Alloy Wheels<\/li>\n<li>LED Headlights<\/li>\n<li>Engine Block Heater<\/li>\n<li>Traction Control System<\/li>\n<li>Anti-lock Braking System (ABS)<\/li>\n<li>Heated Steering Wheel<\/li>\n<li>Multifunction Steering Wheel<\/li>\n<li>Leather Upholstery<\/li>\n<li>Navigation System<\/li>\n<li>Power Steering<\/li>\n<li>Heated Seats<\/li>\n<li>Parking Sensors<\/li>\n<li>Sadetunnistin<\/li>\n<li>Start-stop-j\u00e4rjestelm\u00e4<\/li>\n<li>Sumuvalot<\/li>\n<li>Electric Windows<\/li>\n<li>Electric Mirrors<\/li>\n<li>Turbo<\/li>\n<li>Airbags<\/li>\n<li>Urheiluistuimet<\/li>\n<li>Cruise Control<\/li>\n<li>Premium Sound System<\/li>\n<li>Alarm System<\/li>\n<\/ul>\n","protected":false},"excerpt":{"rendered":"<p>Suomi-Auto \/ Adapt. LED \/ Punaiset nahat \/ Alpinweiss 3 \/ Ratinl\u00e4mmitin \/ HiFi \/ Laajennettu mittaristo<\/p>\n","protected":false},"featured_media":134242,"template":"","meta":{"_acf_changed":false,"inline_featured_image":false},"product_brand":[],"product_cat":[360],"product_tag":[],"class_list":{"0":"post-134241","1":"product","2":"type-product","3":"status-publish","4":"has-post-thumbnail","6":"product_cat-bmw","8":"first","9":"instock","10":"shipping-taxable","11":"purchasable","12":"product-type-simple"},"acf":[],"_links":{"self":[{"href":"https:\/\/new.caar.fi\/en\/wp-json\/wp\/v2\/product\/134241","targetHints":{"allow":["GET"]}}],"collection":[{"href":"https:\/\/new.caar.fi\/en\/wp-json\/wp\/v2\/product"}],"about":[{"href":"https:\/\/new.caar.fi\/en\/wp-json\/wp\/v2\/types\/product"}],"wp:featuredmedia":[{"embeddable":true,"href":"https:\/\/new.caar.fi\/en\/wp-json\/wp\/v2\/media\/134242"}],"wp:attachment":[{"href":"https:\/\/new.caar.fi\/en\/wp-json\/wp\/v2\/media?parent=134241"}],"wp:term":[{"taxonomy":"product_brand","embeddable":true,"href":"https:\/\/new.caar.fi\/en\/wp-json\/wp\/v2\/product_brand?post=134241"},{"taxonomy":"product_cat","embeddable":true,"href":"https:\/\/new.caar.fi\/en\/wp-json\/wp\/v2\/product_cat?post=134241"},{"taxonomy":"product_tag","embeddable":true,"href":"https:\/\/new.caar.fi\/en\/wp-json\/wp\/v2\/product_tag?post=134241"}],"curies":[{"name":"wp","href":"https:\/\/api.w.org\/{rel}","templated":true}]}}