{"id":134246,"date":"2026-04-17T12:16:26","date_gmt":"2026-04-17T09:16:26","guid":{"rendered":"https:\/\/new.caar.fi\/autot\/2015-mercedes-benz-c-250d-bluetec-a-c63-amg-look\/"},"modified":"2026-04-17T12:16:35","modified_gmt":"2026-04-17T09:16:35","slug":"2015-mercedes-benz-c-250d-bluetec-a-c63-amg-look","status":"publish","type":"product","link":"https:\/\/new.caar.fi\/en\/autot\/2015-mercedes-benz-c-250d-bluetec-a-c63-amg-look\/","title":{"rendered":"2015 Mercedes-Benz C 250d BlueTec A C63 AMG-Look"},"content":{"rendered":"<div class=\"vehicle-description\">** CAAR &#8211; Turvallinen tie uuteen autoon **&amp;#10;&amp;#10;** CAAR on palveleva ja luotettava kauppias jokaiselle autoa ostavalle henkil\u00f6lle. Kotiintoimitamme, rahoitamme ja vaihdamme ajoneuvon juuri sinun tarpeidesi mukaan**&amp;#10;&amp;#10;** Ota yhteytt\u00e4 +358 50 413 6178 \/ Tuukka! **<\/p>\n<p>Todella n\u00e4ytt\u00e4v\u00e4 C63 AMG-Look korisarjalla varustettu C 250d Mersu, jossa varusteita piisaa v\u00e4hint\u00e4\u00e4nkin riitt\u00e4v\u00e4sti. Auton sis\u00e4tilojen ilmett\u00e4 vahvistamassa on nahkaverhoillut urheiluistuimet, jotka saat varmasti mieluisaan asentoon. Panorama lasikattoluukusta tulvii ohjaamoon luonnonvaloa niin halutessasi. HUD -tuulilasin\u00e4ytt\u00f6 heijastaa tuulilasiin nopeuden, jonka avulla voit pit\u00e4\u00e4 katseen visusti tiess\u00e4. Distronic+ adaptiivinen vakionopeudens\u00e4\u00e4din tahdittaa maantieajoa edess\u00e4 menev\u00e4n nopeuden mukaisesti puolestasi. Todella n\u00e4ytt\u00e4v\u00e4 paketti eritt\u00e4in tyylikk\u00e4\u00e4ll\u00e4 Brilliant Blue -metalliv\u00e4rill\u00e4!<\/p>\n<p>&#8211; C63 AMG -Look<br \/>\n&#8211; Huoltokirja (s\u00e4hk\u00f6inen)<br \/>\n&#8211; HUD -tuulilasin\u00e4ytt\u00f6<br \/>\n&#8211; BLIS -katveavustin<br \/>\n&#8211; Multibeam LED -ajovalot kaukovaloautomatiikalla<br \/>\n&#8211; Adaptiivinen vakionopeudens\u00e4\u00e4din kaistallapitoavustimella<br \/>\n&#8211; Kaistavahti<br \/>\n&#8211; Panorama lasikattoluukku<br \/>\n&#8211; Keyless -avaimeton k\u00e4ynnistys ja kulku<br \/>\n&#8211; Nahkaverhoilu<br \/>\n&#8211; Osittain s\u00e4hk\u00f6s\u00e4\u00e4t\u00f6iset urheiluistuimet<br \/>\n&#8211; Peruutuskamera<br \/>\n&#8211; Navigointi<br \/>\n&#8211; S\u00e4hk\u00f6toiminen takaluukku<br \/>\n&#8211; Automaatti-ilmastointi<br \/>\n&#8211; Penkinl\u00e4mmittimet<br \/>\n&#8211; Ajotietokone<br \/>\n&#8211; Monitoimiohjauspy\u00f6r\u00e4<br \/>\n&#8211; Rattivaihteet<br \/>\n&#8211; Keskin\u00e4ytt\u00f6<br \/>\n&#8211; Bluetooth<br \/>\n&#8211; Kaukos\u00e4\u00e4t\u00f6inen keskuslukitus<br \/>\n&#8211; S\u00e4hk\u00f6k\u00e4ytt\u00f6iset ikkunat<br \/>\n&#8211; S\u00e4hk\u00f6s\u00e4\u00e4t\u00f6iset sivupeilit<br \/>\n&#8211; Isofix-valmius<br \/>\n&#8211; 20&quot; Alumiinivanteet hyvill\u00e4 kes\u00e4renkailla<br \/>\n&#8211; 17&quot; Alumiinivanteet hyvill\u00e4 nastarenkailla<\/p>\n<p>** CAAR Huoleton -lis\u00e4turva saatavilla kaikkiin alle 250tkm ajettuihin \/ 20 vuotta vanhoihin autoihin **&amp;#10;&amp;#10;** Auton osto, myynti, vaihto, rahoitus, lis\u00e4turva ja v\u00e4litysmyynti &#8211; kaikki saman katon alta! Katso lis\u00e4\u00e4 osoitteesta: www.caar.fi **<\/p><\/div>\n<hr>\n<h3>Vehicle Details<\/h3>\n<table class=\"vehicle-specs\" style=\"border-collapse:collapse;width:100%\">\n<tr style=\"border-bottom:1px solid #eee\">\n<th style=\"text-align:left;padding:6px 12px 6px 0;font-weight:600\">Make<\/th>\n<td style=\"padding:6px 0\">Mercedes-Benz<\/td>\n<\/tr>\n<tr style=\"border-bottom:1px solid #eee\">\n<th style=\"text-align:left;padding:6px 12px 6px 0;font-weight:600\">Model<\/th>\n<td style=\"padding:6px 0\">C<\/td>\n<\/tr>\n<tr style=\"border-bottom:1px solid #eee\">\n<th style=\"text-align:left;padding:6px 12px 6px 0;font-weight:600\">Trim<\/th>\n<td style=\"padding:6px 0\">250d BlueTec A C63 AMG-Look<\/td>\n<\/tr>\n<tr style=\"border-bottom:1px solid #eee\">\n<th style=\"text-align:left;padding:6px 12px 6px 0;font-weight:600\">Year<\/th>\n<td style=\"padding:6px 0\">2015<\/td>\n<\/tr>\n<tr style=\"border-bottom:1px solid #eee\">\n<th style=\"text-align:left;padding:6px 12px 6px 0;font-weight:600\">Mileage<\/th>\n<td style=\"padding:6px 0\">224,000 km<\/td>\n<\/tr>\n<tr style=\"border-bottom:1px solid #eee\">\n<th style=\"text-align:left;padding:6px 12px 6px 0;font-weight:600\">Price<\/th>\n<td style=\"padding:6px 0\">16 790 \u20ac<\/td>\n<\/tr>\n<tr style=\"border-bottom:1px solid #eee\">\n<th style=\"text-align:left;padding:6px 12px 6px 0;font-weight:600\">Tax Type<\/th>\n<td style=\"padding:6px 0\">Margin scheme (VAT included)<\/td>\n<\/tr>\n<tr style=\"border-bottom:1px solid #eee\">\n<th style=\"text-align:left;padding:6px 12px 6px 0;font-weight:600\">Financing<\/th>\n<td style=\"padding:6px 0\">from 336.81 \u20ac\/mo<\/td>\n<\/tr>\n<tr style=\"border-bottom:1px solid #eee\">\n<th style=\"text-align:left;padding:6px 12px 6px 0;font-weight:600\">Registration No.<\/th>\n<td style=\"padding:6px 0\">MYS-643<\/td>\n<\/tr>\n<\/table>\n<h3>Equipment<\/h3>\n<ul>\n<li>Adaptiiviset ajovalot<\/li>\n<li>Electronic Stability Control (ESC)<\/li>\n<li>Trip Computer<\/li>\n<li>Keyless Start<\/li>\n<li>Bluetooth<\/li>\n<li>Head-Up-n\u00e4ytt\u00f6<\/li>\n<li>Service Book: Digital<\/li>\n<li>Automatic Climate Control<\/li>\n<li>ISOFIX Child Seat Mounts<\/li>\n<li>Folding Rear Seats<\/li>\n<li>Kaarrevalot<\/li>\n<li>Two Sets of Tires<\/li>\n<li>Lane Keeping Assist<\/li>\n<li>Panoramic Sunroof<\/li>\n<li>Remote Central Locking<\/li>\n<li>Alloy Wheels<\/li>\n<li>LED Headlights<\/li>\n<li>Traction Control System<\/li>\n<li>Anti-lock Braking System (ABS)<\/li>\n<li>Multifunction Steering Wheel<\/li>\n<li>M\u00e4kil\u00e4ht\u00f6avustin<\/li>\n<li>Leather Upholstery<\/li>\n<li>Navigation System<\/li>\n<li>Power Steering<\/li>\n<li>Heated Seats<\/li>\n<li>Rear View Camera<\/li>\n<li>Parking Sensors<\/li>\n<li>Sadetunnistin<\/li>\n<li>Start-stop-j\u00e4rjestelm\u00e4<\/li>\n<li>Electric Windows<\/li>\n<li>Electric Mirrors<\/li>\n<li>Electric Seats<\/li>\n<li>S\u00e4hk\u00f6toiminen takaluukku<\/li>\n<li>Turbo<\/li>\n<li>Airbags<\/li>\n<li>Urheiluistuimet<\/li>\n<li>Sport Suspension<\/li>\n<li>Adaptive Cruise Control<\/li>\n<li>Alarm System<\/li>\n<li>Premium Sound System<\/li>\n<\/ul>\n","protected":false},"excerpt":{"rendered":"<p>Distronic+ \/ HUD \/ Multibeam LED \/ BLIS \/ Panorama \/ Keyless \/ Nahat \/ Kaistavahti \/ P. Kamera \/ S\u00e4hk\u00f6kontti \/ 20&quot; Alut<\/p>\n","protected":false},"featured_media":134247,"template":"","meta":{"_acf_changed":false,"inline_featured_image":false},"product_brand":[],"product_cat":[363],"product_tag":[],"class_list":{"0":"post-134246","1":"product","2":"type-product","3":"status-publish","4":"has-post-thumbnail","6":"product_cat-mercedes-benz","8":"first","9":"instock","10":"shipping-taxable","11":"purchasable","12":"product-type-simple"},"acf":[],"_links":{"self":[{"href":"https:\/\/new.caar.fi\/en\/wp-json\/wp\/v2\/product\/134246","targetHints":{"allow":["GET"]}}],"collection":[{"href":"https:\/\/new.caar.fi\/en\/wp-json\/wp\/v2\/product"}],"about":[{"href":"https:\/\/new.caar.fi\/en\/wp-json\/wp\/v2\/types\/product"}],"wp:featuredmedia":[{"embeddable":true,"href":"https:\/\/new.caar.fi\/en\/wp-json\/wp\/v2\/media\/134247"}],"wp:attachment":[{"href":"https:\/\/new.caar.fi\/en\/wp-json\/wp\/v2\/media?parent=134246"}],"wp:term":[{"taxonomy":"product_brand","embeddable":true,"href":"https:\/\/new.caar.fi\/en\/wp-json\/wp\/v2\/product_brand?post=134246"},{"taxonomy":"product_cat","embeddable":true,"href":"https:\/\/new.caar.fi\/en\/wp-json\/wp\/v2\/product_cat?post=134246"},{"taxonomy":"product_tag","embeddable":true,"href":"https:\/\/new.caar.fi\/en\/wp-json\/wp\/v2\/product_tag?post=134246"}],"curies":[{"name":"wp","href":"https:\/\/api.w.org\/{rel}","templated":true}]}}