{"id":134251,"date":"2026-04-17T12:16:45","date_gmt":"2026-04-17T09:16:45","guid":{"rendered":"https:\/\/new.caar.fi\/autot\/2017-volkswagen-beetle-cabriolet-black-style-12-tsi-77-kw-105-hv-dsg-automaatti\/"},"modified":"2026-04-17T12:16:55","modified_gmt":"2026-04-17T09:16:55","slug":"2017-volkswagen-beetle-cabriolet-black-style-12-tsi-77-kw-105-hv-dsg-automaatti","status":"publish","type":"product","link":"https:\/\/new.caar.fi\/en\/autot\/2017-volkswagen-beetle-cabriolet-black-style-12-tsi-77-kw-105-hv-dsg-automaatti\/","title":{"rendered":"2017 Volkswagen Beetle Cabriolet Black Style 1,2 TSI 77 kW (105 hv) DSG-automaatti"},"content":{"rendered":"<div class=\"vehicle-description\">** CAAR &#8211; Turvallinen tie uuteen autoon **&amp;#10;&amp;#10;** CAAR on palveleva ja luotettava kauppias jokaiselle autoa ostavalle henkil\u00f6lle. Kotiintoimitamme, rahoitamme ja vaihdamme ajoneuvon juuri sinun tarpeidesi mukaan**&amp;#10;&amp;#10;** Ota yhteytt\u00e4 +358 50 413 6178 \/ Tuukka! **<\/p>\n<p>Suomeen uutena myyty avo -mallin Volkswagen Beetle automaattivaihteistolla, sek\u00e4 s\u00e4hk\u00f6k\u00e4ytt\u00f6isell\u00e4 r\u00e4ttikatolla. 2 -omistajalta meille myyntiin tullut kaunokainen, jolla taitat kes\u00e4n helle ajelut eritt\u00e4in tyylikk\u00e4\u00e4sti!<\/p>\n<p>&#8211; Suomi-Auto<br \/>\n&#8211; Black Style -ulkon\u00e4k\u00f6paketti<br \/>\n&#8211; Lights &amp; Vision -paketti<br \/>\n&#8211; Webasto kaukos\u00e4\u00e4d\u00f6ll\u00e4<br \/>\n&#8211; Xenon -ajovalot<br \/>\n&#8211; LED -p\u00e4iv\u00e4ajovalot<br \/>\n&#8211; Vakionopeudens\u00e4\u00e4din<br \/>\n&#8211; Pys\u00e4k\u00f6intitutkat edess\u00e4 ja takana<br \/>\n&#8211; Ilmastointi<br \/>\n&#8211; Penkinl\u00e4mmittimet<br \/>\n&#8211; Sadetunnistin<br \/>\n&#8211; S\u00e4hk\u00f6k\u00e4ytt\u00f6inen katto<br \/>\n&#8211; S\u00e4hk\u00f6k\u00e4ytt\u00f6iset ikkunat<br \/>\n&#8211; S\u00e4hk\u00f6s\u00e4\u00e4t\u00f6iset sivupeilit<br \/>\n&#8211; Monitoimiohjauspy\u00f6r\u00e4<br \/>\n&#8211; Automaatti vaihteisto<br \/>\n&#8211; Lis\u00e4mittarit kojelaudassa<br \/>\n&#8211; Ajotietokone<br \/>\n&#8211; Isofix-valmius<br \/>\n&#8211; 17&quot; Alumiinivanteet hyv\u00e4kuntoisilla Continental -kes\u00e4renkailla<br \/>\n&#8211; 17&quot; Alumiinivanteet hyv\u00e4kuntoisilla Continental -kitkarenkailla<\/p>\n<p>** CAAR Huoleton -lis\u00e4turva saatavilla kaikkiin alle 250tkm ajettuihin \/ 20 vuotta vanhoihin autoihin **&amp;#10;&amp;#10;** Auton osto, myynti, vaihto, rahoitus, lis\u00e4turva ja v\u00e4litysmyynti &#8211; kaikki saman katon alta! Katso lis\u00e4\u00e4 osoitteesta: www.caar.fi **<\/p><\/div>\n<hr>\n<h3>Vehicle Details<\/h3>\n<table class=\"vehicle-specs\" style=\"border-collapse:collapse;width:100%\">\n<tr style=\"border-bottom:1px solid #eee\">\n<th style=\"text-align:left;padding:6px 12px 6px 0;font-weight:600\">Make<\/th>\n<td style=\"padding:6px 0\">Volkswagen<\/td>\n<\/tr>\n<tr style=\"border-bottom:1px solid #eee\">\n<th style=\"text-align:left;padding:6px 12px 6px 0;font-weight:600\">Model<\/th>\n<td style=\"padding:6px 0\">Beetle<\/td>\n<\/tr>\n<tr style=\"border-bottom:1px solid #eee\">\n<th style=\"text-align:left;padding:6px 12px 6px 0;font-weight:600\">Trim<\/th>\n<td style=\"padding:6px 0\">Cabriolet Black Style 1,2 TSI 77 kW (105 hv) DSG-automaatti<\/td>\n<\/tr>\n<tr style=\"border-bottom:1px solid #eee\">\n<th style=\"text-align:left;padding:6px 12px 6px 0;font-weight:600\">Year<\/th>\n<td style=\"padding:6px 0\">2017<\/td>\n<\/tr>\n<tr style=\"border-bottom:1px solid #eee\">\n<th style=\"text-align:left;padding:6px 12px 6px 0;font-weight:600\">Mileage<\/th>\n<td style=\"padding:6px 0\">225,000 km<\/td>\n<\/tr>\n<tr style=\"border-bottom:1px solid #eee\">\n<th style=\"text-align:left;padding:6px 12px 6px 0;font-weight:600\">Price<\/th>\n<td style=\"padding:6px 0\">13 890 \u20ac<\/td>\n<\/tr>\n<tr style=\"border-bottom:1px solid #eee\">\n<th style=\"text-align:left;padding:6px 12px 6px 0;font-weight:600\">Tax Type<\/th>\n<td style=\"padding:6px 0\">Margin scheme (VAT included)<\/td>\n<\/tr>\n<tr style=\"border-bottom:1px solid #eee\">\n<th style=\"text-align:left;padding:6px 12px 6px 0;font-weight:600\">Financing<\/th>\n<td style=\"padding:6px 0\">from 281.37 \u20ac\/mo<\/td>\n<\/tr>\n<tr style=\"border-bottom:1px solid #eee\">\n<th style=\"text-align:left;padding:6px 12px 6px 0;font-weight:600\">Registration No.<\/th>\n<td style=\"padding:6px 0\">ZLR-639<\/td>\n<\/tr>\n<\/table>\n<h3>Equipment<\/h3>\n<ul>\n<li>Electronic Stability Control (ESC)<\/li>\n<li>Trip Computer<\/li>\n<li>Service Book: Digital<\/li>\n<li>Manual Air Conditioning<\/li>\n<li>ISOFIX Child Seat Mounts<\/li>\n<li>Two Sets of Tires<\/li>\n<li>Katon avausmekanismi: S\u00e4hk\u00f6inen<\/li>\n<li>Remote Central Locking<\/li>\n<li>Alloy Wheels<\/li>\n<li>Traction Control System<\/li>\n<li>Anti-lock Braking System (ABS)<\/li>\n<li>Multifunction Steering Wheel<\/li>\n<li>M\u00e4kil\u00e4ht\u00f6avustin<\/li>\n<li>Power Steering<\/li>\n<li>Heated Seats<\/li>\n<li>Parking Sensors<\/li>\n<li>Sadetunnistin<\/li>\n<li>Electric Windows<\/li>\n<li>Electric Mirrors<\/li>\n<li>Turbo<\/li>\n<li>Airbags<\/li>\n<li>Cruise Control<\/li>\n<li>Xenon-ajovalot<\/li>\n<li>Premium Sound System<\/li>\n<li>Alarm System<\/li>\n<\/ul>\n","protected":false},"excerpt":{"rendered":"<p>Suomi-Auto \/ Black Style -paketti \/ Lights &amp; Vision -paketti \/ Webasto \/ Vakkari \/ S\u00e4hk\u00f6katto \/ Monitoimiohjauspy\u00f6r\u00e4 \/ Kaukos\u00e4\u00e4t\u00f6inen keskuslukitus \/ 2x Alut huippurenkailla!<\/p>\n","protected":false},"featured_media":134252,"template":"","meta":{"_acf_changed":false,"inline_featured_image":false},"product_brand":[],"product_cat":[365],"product_tag":[],"class_list":{"0":"post-134251","1":"product","2":"type-product","3":"status-publish","4":"has-post-thumbnail","6":"product_cat-volkswagen","8":"first","9":"instock","10":"shipping-taxable","11":"purchasable","12":"product-type-simple"},"acf":[],"_links":{"self":[{"href":"https:\/\/new.caar.fi\/en\/wp-json\/wp\/v2\/product\/134251","targetHints":{"allow":["GET"]}}],"collection":[{"href":"https:\/\/new.caar.fi\/en\/wp-json\/wp\/v2\/product"}],"about":[{"href":"https:\/\/new.caar.fi\/en\/wp-json\/wp\/v2\/types\/product"}],"wp:featuredmedia":[{"embeddable":true,"href":"https:\/\/new.caar.fi\/en\/wp-json\/wp\/v2\/media\/134252"}],"wp:attachment":[{"href":"https:\/\/new.caar.fi\/en\/wp-json\/wp\/v2\/media?parent=134251"}],"wp:term":[{"taxonomy":"product_brand","embeddable":true,"href":"https:\/\/new.caar.fi\/en\/wp-json\/wp\/v2\/product_brand?post=134251"},{"taxonomy":"product_cat","embeddable":true,"href":"https:\/\/new.caar.fi\/en\/wp-json\/wp\/v2\/product_cat?post=134251"},{"taxonomy":"product_tag","embeddable":true,"href":"https:\/\/new.caar.fi\/en\/wp-json\/wp\/v2\/product_tag?post=134251"}],"curies":[{"name":"wp","href":"https:\/\/api.w.org\/{rel}","templated":true}]}}