{"id":134256,"date":"2026-04-17T12:17:05","date_gmt":"2026-04-17T09:17:05","guid":{"rendered":"https:\/\/new.caar.fi\/autot\/2010-bmw-x1-e84-xdrive-28i\/"},"modified":"2026-04-17T12:17:14","modified_gmt":"2026-04-17T09:17:14","slug":"2010-bmw-x1-e84-xdrive-28i","status":"publish","type":"product","link":"https:\/\/new.caar.fi\/en\/autot\/2010-bmw-x1-e84-xdrive-28i\/","title":{"rendered":"2010 BMW X1 E84 xDrive 28i"},"content":{"rendered":"<div class=\"vehicle-description\">** CAAR &#8211; Turvallinen tie uuteen autoon **&amp;#10;&amp;#10;** CAAR on palveleva ja luotettava kauppias jokaiselle autoa ostavalle henkil\u00f6lle. Kotiintoimitamme, rahoitamme ja vaihdamme ajoneuvon juuri sinun tarpeidesi mukaan**&amp;#10;&amp;#10;** Ota yhteytt\u00e4 +358 50 413 6178 \/ Tuukka! **<\/p>\n<p>N\u00e4ytt\u00e4v\u00e4 ja suorituskykyinen BMW X1 3,0 litraisella 6-sylinterisell\u00e4 bensiinimoottorilla, sek\u00e4 automaattivaihteistolla. Nahkaverhoillut urheiluistuimet s\u00e4hk\u00f6s\u00e4\u00e4d\u00f6ll\u00e4 kruunaavat kokonaisuuden ja tekev\u00e4t matkan taittamisesta entist\u00e4 mukavampaa.<\/p>\n<p>&#8211; Tuontimaa Saksa<br \/>\n&#8211; Madallusjouset (muutoskatsastettu)<br \/>\n&#8211; iDrive -keskin\u00e4ytt\u00f6<br \/>\n&#8211; Navigointi -j\u00e4rjestelm\u00e4<br \/>\n&#8211; Xenon -ajovalot<br \/>\n&#8211; Vakionopeudens\u00e4\u00e4din<br \/>\n&#8211; Pys\u00e4k\u00f6intitutkat<br \/>\n&#8211; Nahkaverhoilu<br \/>\n&#8211; Urheiluistuimet<br \/>\n&#8211; S\u00e4hk\u00f6s\u00e4\u00e4t\u00f6iset istuimet muistipaikoin<br \/>\n&#8211; Monitoimiohjauspy\u00f6r\u00e4<br \/>\n&#8211; Tummennetut takalasit<br \/>\n&#8211; Taustapeilin himmennys<br \/>\n&#8211; S\u00e4hk\u00f6k\u00e4ytt\u00f6iset ikkunat<br \/>\n&#8211; S\u00e4hk\u00f6k\u00e4ytt\u00f6iset peilit<br \/>\n&#8211; Penkinl\u00e4mmittimet<br \/>\n&#8211; Automaatti-ilmastointi<br \/>\n&#8211; Sadetunnistin<br \/>\n&#8211; Sumuvalot<br \/>\n&#8211; Isofix-valmius<br \/>\n&#8211; Kaukos\u00e4\u00e4t\u00f6inen keskuslukitus<br \/>\n&#8211; Kes\u00e4renkaat 19&quot; alumiinivanteilla<br \/>\n&#8211; Nastarenkaat 19&quot; alumiinivanteilla<\/p>\n<p>VIN: WBAVM310X0VM76637<\/p>\n<p>** CAAR Huoleton -lis\u00e4turva saatavilla kaikkiin alle 250tkm ajettuihin \/ 20 vuotta vanhoihin autoihin **&amp;#10;&amp;#10;** Auton osto, myynti, vaihto, rahoitus, lis\u00e4turva ja v\u00e4litysmyynti &#8211; kaikki saman katon alta! Katso lis\u00e4\u00e4 osoitteesta: www.caar.fi **<\/p><\/div>\n<hr>\n<h3>Vehicle Details<\/h3>\n<table class=\"vehicle-specs\" style=\"border-collapse:collapse;width:100%\">\n<tr style=\"border-bottom:1px solid #eee\">\n<th style=\"text-align:left;padding:6px 12px 6px 0;font-weight:600\">Make<\/th>\n<td style=\"padding:6px 0\">BMW<\/td>\n<\/tr>\n<tr style=\"border-bottom:1px solid #eee\">\n<th style=\"text-align:left;padding:6px 12px 6px 0;font-weight:600\">Model<\/th>\n<td style=\"padding:6px 0\">X1<\/td>\n<\/tr>\n<tr style=\"border-bottom:1px solid #eee\">\n<th style=\"text-align:left;padding:6px 12px 6px 0;font-weight:600\">Trim<\/th>\n<td style=\"padding:6px 0\">E84 xDrive 28i<\/td>\n<\/tr>\n<tr style=\"border-bottom:1px solid #eee\">\n<th style=\"text-align:left;padding:6px 12px 6px 0;font-weight:600\">Year<\/th>\n<td style=\"padding:6px 0\">2010<\/td>\n<\/tr>\n<tr style=\"border-bottom:1px solid #eee\">\n<th style=\"text-align:left;padding:6px 12px 6px 0;font-weight:600\">Mileage<\/th>\n<td style=\"padding:6px 0\">234,000 km<\/td>\n<\/tr>\n<tr style=\"border-bottom:1px solid #eee\">\n<th style=\"text-align:left;padding:6px 12px 6px 0;font-weight:600\">Price<\/th>\n<td style=\"padding:6px 0\">13 480 \u20ac<\/td>\n<\/tr>\n<tr style=\"border-bottom:1px solid #eee\">\n<th style=\"text-align:left;padding:6px 12px 6px 0;font-weight:600\">Tax Type<\/th>\n<td style=\"padding:6px 0\">Margin scheme (VAT included)<\/td>\n<\/tr>\n<tr style=\"border-bottom:1px solid #eee\">\n<th style=\"text-align:left;padding:6px 12px 6px 0;font-weight:600\">Financing<\/th>\n<td style=\"padding:6px 0\">from 273.53 \u20ac\/mo<\/td>\n<\/tr>\n<tr style=\"border-bottom:1px solid #eee\">\n<th style=\"text-align:left;padding:6px 12px 6px 0;font-weight:600\">Registration No.<\/th>\n<td style=\"padding:6px 0\">NNX-916<\/td>\n<\/tr>\n<\/table>\n<h3>Equipment<\/h3>\n<ul>\n<li>Electronic Stability Control (ESC)<\/li>\n<li>Trip Computer<\/li>\n<li>Keyless Start<\/li>\n<li>Service Book: Paper<\/li>\n<li>Automatic Climate Control<\/li>\n<li>ISOFIX Child Seat Mounts<\/li>\n<li>Two Sets of Tires<\/li>\n<li>Folding Rear Seats<\/li>\n<li>Remote Central Locking<\/li>\n<li>Keyless Central Locking<\/li>\n<li>Alloy Wheels<\/li>\n<li>Traction Control System<\/li>\n<li>Anti-lock Braking System (ABS)<\/li>\n<li>Multifunction Steering Wheel<\/li>\n<li>Leather Upholstery<\/li>\n<li>Navigation System<\/li>\n<li>Power Steering<\/li>\n<li>Heated Seats<\/li>\n<li>Parking Sensors<\/li>\n<li>Sadetunnistin<\/li>\n<li>Electric Windows<\/li>\n<li>Electric Mirrors<\/li>\n<li>Electric Seats with Memory<\/li>\n<li>Airbags<\/li>\n<li>Urheiluistuimet<\/li>\n<li>Cruise Control<\/li>\n<li>Alarm System<\/li>\n<li>Xenon-ajovalot<\/li>\n<li>Premium Sound System<\/li>\n<\/ul>\n","protected":false},"excerpt":{"rendered":"<p>Muistinahat \/ Xenon -valot \/ Navi \/ Vakkari \/ Tutkat \/ Autom. Ilmastointi \/ 2x Hyv\u00e4t renkaat \/ Tyylik\u00e4s!<\/p>\n","protected":false},"featured_media":134257,"template":"","meta":{"_acf_changed":false,"inline_featured_image":false},"product_brand":[],"product_cat":[360],"product_tag":[],"class_list":{"0":"post-134256","1":"product","2":"type-product","3":"status-publish","4":"has-post-thumbnail","6":"product_cat-bmw","8":"first","9":"instock","10":"shipping-taxable","11":"purchasable","12":"product-type-simple"},"acf":[],"_links":{"self":[{"href":"https:\/\/new.caar.fi\/en\/wp-json\/wp\/v2\/product\/134256","targetHints":{"allow":["GET"]}}],"collection":[{"href":"https:\/\/new.caar.fi\/en\/wp-json\/wp\/v2\/product"}],"about":[{"href":"https:\/\/new.caar.fi\/en\/wp-json\/wp\/v2\/types\/product"}],"wp:featuredmedia":[{"embeddable":true,"href":"https:\/\/new.caar.fi\/en\/wp-json\/wp\/v2\/media\/134257"}],"wp:attachment":[{"href":"https:\/\/new.caar.fi\/en\/wp-json\/wp\/v2\/media?parent=134256"}],"wp:term":[{"taxonomy":"product_brand","embeddable":true,"href":"https:\/\/new.caar.fi\/en\/wp-json\/wp\/v2\/product_brand?post=134256"},{"taxonomy":"product_cat","embeddable":true,"href":"https:\/\/new.caar.fi\/en\/wp-json\/wp\/v2\/product_cat?post=134256"},{"taxonomy":"product_tag","embeddable":true,"href":"https:\/\/new.caar.fi\/en\/wp-json\/wp\/v2\/product_tag?post=134256"}],"curies":[{"name":"wp","href":"https:\/\/api.w.org\/{rel}","templated":true}]}}