{"id":134261,"date":"2026-04-17T12:17:25","date_gmt":"2026-04-17T09:17:25","guid":{"rendered":"https:\/\/new.caar.fi\/autot\/2015-ford-transit-connect-200-10-ecoboost-100-hv-trend-m6-l1\/"},"modified":"2026-04-17T12:17:34","modified_gmt":"2026-04-17T09:17:34","slug":"2015-ford-transit-connect-200-10-ecoboost-100-hv-trend-m6-l1","status":"publish","type":"product","link":"https:\/\/new.caar.fi\/en\/autot\/2015-ford-transit-connect-200-10-ecoboost-100-hv-trend-m6-l1\/","title":{"rendered":"2015 Ford Transit Connect 200 1,0 EcoBoost 100 hv Trend M6 L1"},"content":{"rendered":"<div class=\"vehicle-description\">** CAAR &#8211; Turvallinen tie uuteen autoon **&amp;#10;&amp;#10;** CAAR on palveleva ja luotettava kauppias jokaiselle autoa ostavalle henkil\u00f6lle. Kotiintoimitamme, rahoitamme ja vaihdamme ajoneuvon juuri sinun tarpeidesi mukaan**&amp;#10;&amp;#10;** Ota yhteytt\u00e4 +358 50 413 6178 \/ Tuukka! **<\/p>\n<p>Ensimm\u00e4iselt\u00e4 omistajalta tarpeettomaksi j\u00e4\u00e4nyt Transit Connect, jossa lis\u00e4varusteita ruksittu mukavasti. L\u00e4pijuostavuus helpottaa auton lastausta ahtaissa paikoissa, eik\u00e4 sinun tarvitse mietti\u00e4 ajatko pihalle etu- vai takaperin, jotta saat tavarat sivusta lastattua kyytiin. Vetokoukun ansioista ved\u00e4t tarvittaessa per\u00e4k\u00e4rryn paikasta a paikkaan b, sek\u00e4 peruutuskamera helpottaa pys\u00e4k\u00f6inti\u00e4 mukavasti.<\/p>\n<p>&#8211; Suomi-Auto<br \/>\n&#8211; 1.Omisteinen<br \/>\n&#8211; Huoltokirja<br \/>\n&#8211; Jakohihna vaihdettu 02\/2026<br \/>\n&#8211; L\u00e4pijuostava -malli<br \/>\n&#8211; Peruutuskamera<br \/>\n&#8211; Ilmastointi<br \/>\n&#8211; L\u00e4mmitett\u00e4v\u00e4 tuulilasi<br \/>\n&#8211; Takalasinl\u00e4mmitin<br \/>\n&#8211; Penkinl\u00e4mmitin<br \/>\n&#8211; Lohkol\u00e4mmitin<br \/>\n&#8211; Vakionopeudens\u00e4\u00e4din<br \/>\n&#8211; Valoautomatiikka<br \/>\n&#8211; Lis\u00e4valo keulalla<br \/>\n&#8211; Kaukos\u00e4\u00e4t\u00f6inen keskuslukitus<br \/>\n&#8211; S\u00e4hk\u00f6k\u00e4ytt\u00f6iset ikkunat<br \/>\n&#8211; S\u00e4hk\u00f6s\u00e4\u00e4t\u00f6iset sivupeilit<br \/>\n&#8211; Monitoimiohjauspy\u00f6r\u00e4<br \/>\n&#8211; Ajotietokone<br \/>\n&#8211; 12V, USB<br \/>\n&#8211; 16&quot; Alumiinivanteet hyv\u00e4kuntoisilla kes\u00e4renkailla<br \/>\n&#8211; 16&quot; Alumiinivanteet hyv\u00e4kuntoisilla nastarenkailla<\/p>\n<p>** CAAR Huoleton -lis\u00e4turva saatavilla kaikkiin alle 250tkm ajettuihin \/ 20 vuotta vanhoihin autoihin **&amp;#10;&amp;#10;** Auton osto, myynti, vaihto, rahoitus, lis\u00e4turva ja v\u00e4litysmyynti &#8211; kaikki saman katon alta! Katso lis\u00e4\u00e4 osoitteesta: www.caar.fi **<\/p><\/div>\n<hr>\n<h3>Vehicle Details<\/h3>\n<table class=\"vehicle-specs\" style=\"border-collapse:collapse;width:100%\">\n<tr style=\"border-bottom:1px solid #eee\">\n<th style=\"text-align:left;padding:6px 12px 6px 0;font-weight:600\">Make<\/th>\n<td style=\"padding:6px 0\">Ford<\/td>\n<\/tr>\n<tr style=\"border-bottom:1px solid #eee\">\n<th style=\"text-align:left;padding:6px 12px 6px 0;font-weight:600\">Model<\/th>\n<td style=\"padding:6px 0\">Transit Connect<\/td>\n<\/tr>\n<tr style=\"border-bottom:1px solid #eee\">\n<th style=\"text-align:left;padding:6px 12px 6px 0;font-weight:600\">Trim<\/th>\n<td style=\"padding:6px 0\">200 1,0 EcoBoost 100 hv Trend M6 L1<\/td>\n<\/tr>\n<tr style=\"border-bottom:1px solid #eee\">\n<th style=\"text-align:left;padding:6px 12px 6px 0;font-weight:600\">Year<\/th>\n<td style=\"padding:6px 0\">2015<\/td>\n<\/tr>\n<tr style=\"border-bottom:1px solid #eee\">\n<th style=\"text-align:left;padding:6px 12px 6px 0;font-weight:600\">Mileage<\/th>\n<td style=\"padding:6px 0\">77,000 km<\/td>\n<\/tr>\n<tr style=\"border-bottom:1px solid #eee\">\n<th style=\"text-align:left;padding:6px 12px 6px 0;font-weight:600\">Price<\/th>\n<td style=\"padding:6px 0\">12 990 \u20ac<\/td>\n<\/tr>\n<tr style=\"border-bottom:1px solid #eee\">\n<th style=\"text-align:left;padding:6px 12px 6px 0;font-weight:600\">Tax Type<\/th>\n<td style=\"padding:6px 0\">VAT deductible<\/td>\n<\/tr>\n<tr style=\"border-bottom:1px solid #eee\">\n<th style=\"text-align:left;padding:6px 12px 6px 0;font-weight:600\">Financing<\/th>\n<td style=\"padding:6px 0\">from 264.17 \u20ac\/mo<\/td>\n<\/tr>\n<tr style=\"border-bottom:1px solid #eee\">\n<th style=\"text-align:left;padding:6px 12px 6px 0;font-weight:600\">Registration No.<\/th>\n<td style=\"padding:6px 0\">YIU-587<\/td>\n<\/tr>\n<\/table>\n<h3>Equipment<\/h3>\n<ul>\n<li>Electronic Stability Control (ESC)<\/li>\n<li>Trip Computer<\/li>\n<li>Service Book: Paper<\/li>\n<li>Manual Air Conditioning<\/li>\n<li>Two Sets of Tires<\/li>\n<li>Remote Central Locking<\/li>\n<li>Alloy Wheels<\/li>\n<li>Traction Control System<\/li>\n<li>Anti-lock Braking System (ABS)<\/li>\n<li>L\u00e4mmitett\u00e4v\u00e4 tuulilasi<\/li>\n<li>Multifunction Steering Wheel<\/li>\n<li>Power Steering<\/li>\n<li>Heated Seats<\/li>\n<li>Start-stop-j\u00e4rjestelm\u00e4<\/li>\n<li>Electric Windows<\/li>\n<li>Electric Mirrors<\/li>\n<li>Turbo<\/li>\n<li>Airbags<\/li>\n<li>USB<\/li>\n<li>Cruise Control<\/li>\n<li>Premium Sound System<\/li>\n<li>Tow Bar<\/li>\n<li>Alarm System<\/li>\n<\/ul>\n","protected":false},"excerpt":{"rendered":"<p>1-Omisteinen \/ Suomi-Auto \/ L\u00e4pijuostava \/ Vakkari \/ Jakohihna vaihdettu 02\/2026 \/ P. Kamera \/ Ilmastointi \/ Vetokoukku \/ 2x Alut<\/p>\n","protected":false},"featured_media":134262,"template":"","meta":{"_acf_changed":false,"inline_featured_image":false},"product_brand":[],"product_cat":[367],"product_tag":[],"class_list":{"0":"post-134261","1":"product","2":"type-product","3":"status-publish","4":"has-post-thumbnail","6":"product_cat-ford","8":"first","9":"instock","10":"shipping-taxable","11":"purchasable","12":"product-type-simple"},"acf":[],"_links":{"self":[{"href":"https:\/\/new.caar.fi\/en\/wp-json\/wp\/v2\/product\/134261","targetHints":{"allow":["GET"]}}],"collection":[{"href":"https:\/\/new.caar.fi\/en\/wp-json\/wp\/v2\/product"}],"about":[{"href":"https:\/\/new.caar.fi\/en\/wp-json\/wp\/v2\/types\/product"}],"wp:featuredmedia":[{"embeddable":true,"href":"https:\/\/new.caar.fi\/en\/wp-json\/wp\/v2\/media\/134262"}],"wp:attachment":[{"href":"https:\/\/new.caar.fi\/en\/wp-json\/wp\/v2\/media?parent=134261"}],"wp:term":[{"taxonomy":"product_brand","embeddable":true,"href":"https:\/\/new.caar.fi\/en\/wp-json\/wp\/v2\/product_brand?post=134261"},{"taxonomy":"product_cat","embeddable":true,"href":"https:\/\/new.caar.fi\/en\/wp-json\/wp\/v2\/product_cat?post=134261"},{"taxonomy":"product_tag","embeddable":true,"href":"https:\/\/new.caar.fi\/en\/wp-json\/wp\/v2\/product_tag?post=134261"}],"curies":[{"name":"wp","href":"https:\/\/api.w.org\/{rel}","templated":true}]}}