{"id":134266,"date":"2026-04-17T12:17:44","date_gmt":"2026-04-17T09:17:44","guid":{"rendered":"https:\/\/new.caar.fi\/autot\/2013-bmw-320-twinpower-turbo-a-f31-luxury-line\/"},"modified":"2026-04-17T12:17:53","modified_gmt":"2026-04-17T09:17:53","slug":"2013-bmw-320-twinpower-turbo-a-f31-luxury-line","status":"publish","type":"product","link":"https:\/\/new.caar.fi\/en\/autot\/2013-bmw-320-twinpower-turbo-a-f31-luxury-line\/","title":{"rendered":"2013 BMW 320 TwinPower Turbo A F31 Luxury Line"},"content":{"rendered":"<div class=\"vehicle-description\">** CAAR &#8211; Turvallinen tie uuteen autoon **&amp;#10;&amp;#10;** CAAR on palveleva ja luotettava kauppias jokaiselle autoa ostavalle henkil\u00f6lle. Kotiintoimitamme, rahoitamme ja vaihdamme ajoneuvon juuri sinun tarpeidesi mukaan**&amp;#10;&amp;#10;** Ota yhteytt\u00e4 +358 50 413 6178 \/ Tuukka! **<\/p>\n<p>Luxury Line -varusteltu BMW F31 -korimallin 320 diesel, jonka vauhtia tahdittaa 8 -vaihteinen automaattivaihteisto. Autoon on asennettu uutena merkkiliikkeess\u00e4 valmistajan tarjoama M-Performance Power Kit, joka tuo autoon hieman lis\u00e4\u00e4 tehoa ja v\u00e4\u00e4nt\u00f6\u00e4. Muutos on merkitty auton tietoihin muutoskatsastuksessa. Xenon -ajovalot valaisevat tiet\u00e4 tehokkaasti samalla, kun ratinl\u00e4mmittimen ja edess\u00e4 + takana sijaitsevien penkinl\u00e4mmittimien ansioista sin\u00e4 tai matkustajat ette palele kylmill\u00e4k\u00e4\u00e4n pakkasilla. Takakontti on t\u00e4ysin s\u00e4hk\u00f6k\u00e4ytt\u00f6inen, joka helpottaa p\u00e4ivitt\u00e4isk\u00e4ytt\u00f6\u00e4.<\/p>\n<p>&#8211; Suomi-Auto<br \/>\n&#8211; Huoltokirja<br \/>\n&#8211; M-Performance Power Kit<br \/>\n&#8211; Nahkaverhoilu<br \/>\n&#8211; Xenon -ajovalot<br \/>\n&#8211; Ratinl\u00e4mmitin<br \/>\n&#8211; Penkinl\u00e4mmittimet edess\u00e4 ja takana<br \/>\n&#8211; Automaatti-ilmastointi<br \/>\n&#8211; Vakionopeudens\u00e4\u00e4din<br \/>\n&#8211; S\u00e4hk\u00f6toiminen takaluukku<br \/>\n&#8211; Kaukos\u00e4\u00e4t\u00f6inen keskulukitus<br \/>\n&#8211; S\u00e4hk\u00f6k\u00e4ytt\u00f6iset ikkunat<br \/>\n&#8211; S\u00e4hk\u00f6s\u00e4\u00e4t\u00f6iset peilit<br \/>\n&#8211; Ajotietokone<br \/>\n&#8211; Keskin\u00e4ytt\u00f6<br \/>\n&#8211; Monitoimiohjauspy\u00f6r\u00e4<br \/>\n&#8211; Ajotilanvalitsin<br \/>\n&#8211; Isofix-valmius<br \/>\n&#8211; Sadetunnistin<br \/>\n&#8211; ABS -jarrut<br \/>\n&#8211; Ajonvakautusj\u00e4rjestelm\u00e4<br \/>\n&#8211; Luistonesto<br \/>\n&#8211; Vetokoukku<br \/>\n&#8211; 2x Avaimet<br \/>\n&#8211; 17&quot; Alumiinivanteet hyv\u00e4kuntoisilla kes\u00e4renkailla<br \/>\n&#8211; 17&quot; Alumiinivanteet hyv\u00e4kuntoisilla nastarenkailla<\/p>\n<p>** CAAR Huoleton -lis\u00e4turva saatavilla kaikkiin alle 250tkm ajettuihin \/ 20 vuotta vanhoihin autoihin **&amp;#10;&amp;#10;** Auton osto, myynti, vaihto, rahoitus, lis\u00e4turva ja v\u00e4litysmyynti &#8211; kaikki saman katon alta! Katso lis\u00e4\u00e4 osoitteesta: www.caar.fi **<\/p><\/div>\n<hr>\n<h3>Vehicle Details<\/h3>\n<table class=\"vehicle-specs\" style=\"border-collapse:collapse;width:100%\">\n<tr style=\"border-bottom:1px solid #eee\">\n<th style=\"text-align:left;padding:6px 12px 6px 0;font-weight:600\">Make<\/th>\n<td style=\"padding:6px 0\">BMW<\/td>\n<\/tr>\n<tr style=\"border-bottom:1px solid #eee\">\n<th style=\"text-align:left;padding:6px 12px 6px 0;font-weight:600\">Model<\/th>\n<td style=\"padding:6px 0\">320<\/td>\n<\/tr>\n<tr style=\"border-bottom:1px solid #eee\">\n<th style=\"text-align:left;padding:6px 12px 6px 0;font-weight:600\">Trim<\/th>\n<td style=\"padding:6px 0\">TwinPower Turbo A F31 Luxury Line<\/td>\n<\/tr>\n<tr style=\"border-bottom:1px solid #eee\">\n<th style=\"text-align:left;padding:6px 12px 6px 0;font-weight:600\">Year<\/th>\n<td style=\"padding:6px 0\">2013<\/td>\n<\/tr>\n<tr style=\"border-bottom:1px solid #eee\">\n<th style=\"text-align:left;padding:6px 12px 6px 0;font-weight:600\">Mileage<\/th>\n<td style=\"padding:6px 0\">181,000 km<\/td>\n<\/tr>\n<tr style=\"border-bottom:1px solid #eee\">\n<th style=\"text-align:left;padding:6px 12px 6px 0;font-weight:600\">Price<\/th>\n<td style=\"padding:6px 0\">12 880 \u20ac<\/td>\n<\/tr>\n<tr style=\"border-bottom:1px solid #eee\">\n<th style=\"text-align:left;padding:6px 12px 6px 0;font-weight:600\">Tax Type<\/th>\n<td style=\"padding:6px 0\">Margin scheme (VAT included)<\/td>\n<\/tr>\n<tr style=\"border-bottom:1px solid #eee\">\n<th style=\"text-align:left;padding:6px 12px 6px 0;font-weight:600\">Financing<\/th>\n<td style=\"padding:6px 0\">from 262.06 \u20ac\/mo<\/td>\n<\/tr>\n<tr style=\"border-bottom:1px solid #eee\">\n<th style=\"text-align:left;padding:6px 12px 6px 0;font-weight:600\">Registration No.<\/th>\n<td style=\"padding:6px 0\">KME-796<\/td>\n<\/tr>\n<\/table>\n<h3>Equipment<\/h3>\n<ul>\n<li>Electronic Stability Control (ESC)<\/li>\n<li>Trip Computer<\/li>\n<li>Keyless Start<\/li>\n<li>Bluetooth<\/li>\n<li>Service Book: Digital<\/li>\n<li>Automatic Climate Control<\/li>\n<li>ISOFIX Child Seat Mounts<\/li>\n<li>Folding Rear Seats<\/li>\n<li>Two Sets of Tires<\/li>\n<li>Remote Central Locking<\/li>\n<li>Alloy Wheels<\/li>\n<li>Traction Control System<\/li>\n<li>Anti-lock Braking System (ABS)<\/li>\n<li>Heated Steering Wheel<\/li>\n<li>Multifunction Steering Wheel<\/li>\n<li>Leather Upholstery<\/li>\n<li>Power Steering<\/li>\n<li>Heated Seats<\/li>\n<li>Parking Sensors<\/li>\n<li>Sadetunnistin<\/li>\n<li>Start-stop-j\u00e4rjestelm\u00e4<\/li>\n<li>Sumuvalot<\/li>\n<li>Electric Windows<\/li>\n<li>Electric Mirrors<\/li>\n<li>S\u00e4hk\u00f6toiminen takaluukku<\/li>\n<li>Turbo<\/li>\n<li>Airbags<\/li>\n<li>Cruise Control<\/li>\n<li>Premium Sound System<\/li>\n<li>Xenon-ajovalot<\/li>\n<li>Tow Bar<\/li>\n<li>Alarm System<\/li>\n<\/ul>\n","protected":false},"excerpt":{"rendered":"<p>Luxury Line \/ M-Performance Power Kit \/ Nahat \/ Xenon \/ Koukku \/ Ratinl\u00e4mmitin \/ 4x Penkinl\u00e4mmittimet \/ S\u00e4hk\u00f6kontti \/ 2x Alut<\/p>\n","protected":false},"featured_media":134267,"template":"","meta":{"_acf_changed":false,"inline_featured_image":false},"product_brand":[],"product_cat":[360],"product_tag":[],"class_list":{"0":"post-134266","1":"product","2":"type-product","3":"status-publish","4":"has-post-thumbnail","6":"product_cat-bmw","8":"first","9":"instock","10":"shipping-taxable","11":"purchasable","12":"product-type-simple"},"acf":[],"_links":{"self":[{"href":"https:\/\/new.caar.fi\/en\/wp-json\/wp\/v2\/product\/134266","targetHints":{"allow":["GET"]}}],"collection":[{"href":"https:\/\/new.caar.fi\/en\/wp-json\/wp\/v2\/product"}],"about":[{"href":"https:\/\/new.caar.fi\/en\/wp-json\/wp\/v2\/types\/product"}],"wp:featuredmedia":[{"embeddable":true,"href":"https:\/\/new.caar.fi\/en\/wp-json\/wp\/v2\/media\/134267"}],"wp:attachment":[{"href":"https:\/\/new.caar.fi\/en\/wp-json\/wp\/v2\/media?parent=134266"}],"wp:term":[{"taxonomy":"product_brand","embeddable":true,"href":"https:\/\/new.caar.fi\/en\/wp-json\/wp\/v2\/product_brand?post=134266"},{"taxonomy":"product_cat","embeddable":true,"href":"https:\/\/new.caar.fi\/en\/wp-json\/wp\/v2\/product_cat?post=134266"},{"taxonomy":"product_tag","embeddable":true,"href":"https:\/\/new.caar.fi\/en\/wp-json\/wp\/v2\/product_tag?post=134266"}],"curies":[{"name":"wp","href":"https:\/\/api.w.org\/{rel}","templated":true}]}}