{"id":134271,"date":"2026-04-17T12:18:04","date_gmt":"2026-04-17T09:18:04","guid":{"rendered":"https:\/\/new.caar.fi\/autot\/2017-mini-clubman-cooper-d\/"},"modified":"2026-04-17T12:18:13","modified_gmt":"2026-04-17T09:18:13","slug":"2017-mini-clubman-cooper-d","status":"publish","type":"product","link":"https:\/\/new.caar.fi\/en\/autot\/2017-mini-clubman-cooper-d\/","title":{"rendered":"2017 Mini Clubman Cooper D"},"content":{"rendered":"<div class=\"vehicle-description\">** CAAR &#8211; Turvallinen tie uuteen autoon **&amp;#10;&amp;#10;** CAAR on palveleva ja luotettava kauppias jokaiselle autoa ostavalle henkil\u00f6lle. Kotiintoimitamme, rahoitamme ja vaihdamme ajoneuvon juuri sinun tarpeidesi mukaan**&amp;#10;&amp;#10;** Ota yhteytt\u00e4 +358 50 413 6178 \/ Tuukka! **<\/p>\n<p>Tyylik\u00e4s ja kompakti Mini Clubman taloudellisella 2,0 litraisella Diesel -moottorilla, sek\u00e4 automaatti vaihteistolla. 1. Omistajalta tarpeettomaksi j\u00e4\u00e4nyt Suomi-Auto, jota on huollettu viime vuosina v\u00e4hint\u00e4\u00e4nkin riitt\u00e4v\u00e4sti. Esimerkiksi Turbo vaihdettu Schmiedmannilla huollon yhteydess\u00e4 11\/2025 (3500\u20ac remontti).<\/p>\n<p>&#8211; Suomi-Auto<br \/>\n&#8211; 1. Omisteinen<br \/>\n&#8211; Midnight Black -metalliv\u00e4ri<br \/>\n&#8211; Turbo uusittu juuri<br \/>\n&#8211; Lohkol\u00e4mmitin sis\u00e4tilanpistokkeella<br \/>\n&#8211; LED -ajovalot<br \/>\n&#8211; Vakionopeudens\u00e4\u00e4din<br \/>\n&#8211; Automaatti-ilmastointi<br \/>\n&#8211; Penkinl\u00e4mmittimet<br \/>\n&#8211; Ajotietokone<br \/>\n&#8211; Bluetooth<br \/>\n&#8211; Sadetunnistin<br \/>\n&#8211; Pys\u00e4k\u00f6intitutkat<br \/>\n&#8211; Monitoimiohjauspy\u00f6r\u00e4<br \/>\n&#8211; Kattokaiteet<br \/>\n&#8211; S\u00e4hk\u00f6k\u00e4ytt\u00f6iset ikkunat<br \/>\n&#8211; Kaukos\u00e4\u00e4t\u00f6inen keskuslukitus<br \/>\n&#8211; M\u00e4kil\u00e4ht\u00f6avustin<br \/>\n&#8211; Isofix-valmius<br \/>\n&#8211; Kitkarenkaat 16&quot; alumiinivanteilla<br \/>\n&#8211; Kes\u00e4renkaat 17&quot; alumiinivanteilla<\/p>\n<p>** CAAR Huoleton -lis\u00e4turva saatavilla kaikkiin alle 250tkm ajettuihin \/ 20 vuotta vanhoihin autoihin **&amp;#10;&amp;#10;** Auton osto, myynti, vaihto, rahoitus, lis\u00e4turva ja v\u00e4litysmyynti &#8211; kaikki saman katon alta! Katso lis\u00e4\u00e4 osoitteesta: www.caar.fi **<\/p><\/div>\n<hr>\n<h3>Vehicle Details<\/h3>\n<table class=\"vehicle-specs\" style=\"border-collapse:collapse;width:100%\">\n<tr style=\"border-bottom:1px solid #eee\">\n<th style=\"text-align:left;padding:6px 12px 6px 0;font-weight:600\">Make<\/th>\n<td style=\"padding:6px 0\">Mini<\/td>\n<\/tr>\n<tr style=\"border-bottom:1px solid #eee\">\n<th style=\"text-align:left;padding:6px 12px 6px 0;font-weight:600\">Model<\/th>\n<td style=\"padding:6px 0\">Clubman<\/td>\n<\/tr>\n<tr style=\"border-bottom:1px solid #eee\">\n<th style=\"text-align:left;padding:6px 12px 6px 0;font-weight:600\">Trim<\/th>\n<td style=\"padding:6px 0\">Cooper D<\/td>\n<\/tr>\n<tr style=\"border-bottom:1px solid #eee\">\n<th style=\"text-align:left;padding:6px 12px 6px 0;font-weight:600\">Year<\/th>\n<td style=\"padding:6px 0\">2017<\/td>\n<\/tr>\n<tr style=\"border-bottom:1px solid #eee\">\n<th style=\"text-align:left;padding:6px 12px 6px 0;font-weight:600\">Mileage<\/th>\n<td style=\"padding:6px 0\">221,000 km<\/td>\n<\/tr>\n<tr style=\"border-bottom:1px solid #eee\">\n<th style=\"text-align:left;padding:6px 12px 6px 0;font-weight:600\">Price<\/th>\n<td style=\"padding:6px 0\">11 490 \u20ac<\/td>\n<\/tr>\n<tr style=\"border-bottom:1px solid #eee\">\n<th style=\"text-align:left;padding:6px 12px 6px 0;font-weight:600\">Tax Type<\/th>\n<td style=\"padding:6px 0\">Margin scheme (VAT included)<\/td>\n<\/tr>\n<tr style=\"border-bottom:1px solid #eee\">\n<th style=\"text-align:left;padding:6px 12px 6px 0;font-weight:600\">Financing<\/th>\n<td style=\"padding:6px 0\">from 235.49 \u20ac\/mo<\/td>\n<\/tr>\n<tr style=\"border-bottom:1px solid #eee\">\n<th style=\"text-align:left;padding:6px 12px 6px 0;font-weight:600\">Registration No.<\/th>\n<td style=\"padding:6px 0\">CKL-582<\/td>\n<\/tr>\n<\/table>\n<h3>Equipment<\/h3>\n<ul>\n<li>Electronic Stability Control (ESC)<\/li>\n<li>Trip Computer<\/li>\n<li>Bluetooth<\/li>\n<li>Service Book: Digital<\/li>\n<li>Automatic Climate Control<\/li>\n<li>ISOFIX Child Seat Mounts<\/li>\n<li>Folding Rear Seats<\/li>\n<li>Two Sets of Tires<\/li>\n<li>Remote Central Locking<\/li>\n<li>Alloy Wheels<\/li>\n<li>LED Headlights<\/li>\n<li>Engine Block Heater<\/li>\n<li>Traction Control System<\/li>\n<li>Anti-lock Braking System (ABS)<\/li>\n<li>Multifunction Steering Wheel<\/li>\n<li>M\u00e4kil\u00e4ht\u00f6avustin<\/li>\n<li>Power Steering<\/li>\n<li>Heated Seats<\/li>\n<li>Parking Sensors<\/li>\n<li>Sadetunnistin<\/li>\n<li>Sis\u00e4tilanpistoke<\/li>\n<li>Electric Windows<\/li>\n<li>Electric Mirrors<\/li>\n<li>Turbo<\/li>\n<li>Airbags<\/li>\n<li>Cruise Control<\/li>\n<li>Alarm System<\/li>\n<li>Premium Sound System<\/li>\n<\/ul>\n","protected":false},"excerpt":{"rendered":"<p>1. Omisteinen \/ Suomi-Auto \/ Uusi turbo \/ LED -ajovalot \/ Lohkol\u00e4mmitin \/ Vakkari \/ Penkinl\u00e4mmittimet \/ Pys\u00e4k\u00f6intitutkat \/ 2x Hyv\u00e4t renkaat<\/p>\n","protected":false},"featured_media":134272,"template":"","meta":{"_acf_changed":false,"inline_featured_image":false},"product_brand":[],"product_cat":[364],"product_tag":[],"class_list":{"0":"post-134271","1":"product","2":"type-product","3":"status-publish","4":"has-post-thumbnail","6":"product_cat-mini","8":"first","9":"instock","10":"shipping-taxable","11":"purchasable","12":"product-type-simple"},"acf":[],"_links":{"self":[{"href":"https:\/\/new.caar.fi\/en\/wp-json\/wp\/v2\/product\/134271","targetHints":{"allow":["GET"]}}],"collection":[{"href":"https:\/\/new.caar.fi\/en\/wp-json\/wp\/v2\/product"}],"about":[{"href":"https:\/\/new.caar.fi\/en\/wp-json\/wp\/v2\/types\/product"}],"wp:featuredmedia":[{"embeddable":true,"href":"https:\/\/new.caar.fi\/en\/wp-json\/wp\/v2\/media\/134272"}],"wp:attachment":[{"href":"https:\/\/new.caar.fi\/en\/wp-json\/wp\/v2\/media?parent=134271"}],"wp:term":[{"taxonomy":"product_brand","embeddable":true,"href":"https:\/\/new.caar.fi\/en\/wp-json\/wp\/v2\/product_brand?post=134271"},{"taxonomy":"product_cat","embeddable":true,"href":"https:\/\/new.caar.fi\/en\/wp-json\/wp\/v2\/product_cat?post=134271"},{"taxonomy":"product_tag","embeddable":true,"href":"https:\/\/new.caar.fi\/en\/wp-json\/wp\/v2\/product_tag?post=134271"}],"curies":[{"name":"wp","href":"https:\/\/api.w.org\/{rel}","templated":true}]}}