{"id":134276,"date":"2026-04-17T12:18:24","date_gmt":"2026-04-17T09:18:24","guid":{"rendered":"https:\/\/new.caar.fi\/autot\/2008-mazda-2-1-3-elegance-5mt\/"},"modified":"2026-04-17T12:18:33","modified_gmt":"2026-04-17T09:18:33","slug":"2008-mazda-2-1-3-elegance-5mt","status":"publish","type":"product","link":"https:\/\/new.caar.fi\/en\/autot\/2008-mazda-2-1-3-elegance-5mt\/","title":{"rendered":"2008 Mazda 2 1.3 Elegance 5MT"},"content":{"rendered":"<div class=\"vehicle-description\">** CAAR &#8211; Turvallinen tie uuteen autoon **&amp;#10;&amp;#10;** CAAR on palveleva ja luotettava kauppias jokaiselle autoa ostavalle henkil\u00f6lle. Kotiintoimitamme, rahoitamme ja vaihdamme ajoneuvon juuri sinun tarpeidesi mukaan**&amp;#10;&amp;#10;** Ota yhteytt\u00e4 +358 50 413 6178 \/ Tuukka! **<\/p>\n<p>Taloudellinen ja n\u00e4pp\u00e4r\u00e4 kauppakassi uusilla kes\u00e4renkailla ja vasta hetki sitten huollettuna. Lohkol\u00e4mmittimen ja sis\u00e4tilanpistookkeen avulla p\u00e4\u00e4set talvisinkin liikkeelle l\u00e4mpim\u00e4ll\u00e4 autolla. Ilmastoinnin avulla ei tarvitse hikoilla kes\u00e4helteill\u00e4. Juuri huollettu valmis paketti ajoon kovaan ajoon! Edellisell\u00e4 omistajalla vuodesta 2013 asti k\u00e4yt\u00f6ss\u00e4 ollut helmi!<\/p>\n<p>&#8211; Suomi-Auto<br \/>\n&#8211; Lohkol\u00e4mmitin sis\u00e4tilanpistokkeella<br \/>\n&#8211; Huoltokirja<br \/>\n&#8211; Taloudellinen<br \/>\n&#8211; Uudet kes\u00e4renkaat<br \/>\n&#8211; Ilmastointi<br \/>\n&#8211; Radio<br \/>\n&#8211; S\u00e4hk\u00f6s\u00e4\u00e4t\u00f6iset ikkunat<br \/>\n&#8211; Keskuslukitus<br \/>\n&#8211; Ajotietokone<br \/>\n&#8211; Takalasinl\u00e4mmitin<br \/>\n&#8211; Monitoimiohjauspy\u00f6r\u00e4<br \/>\n&#8211; AUX<br \/>\n&#8211; Isofix-valmius<br \/>\n&#8211; Luistonestoj\u00e4rjestelm\u00e4<br \/>\n&#8211; ABS -jarrut<br \/>\n&#8211; 15&quot; Vanteet uusilla kes\u00e4renkailla<br \/>\n&#8211; 15&quot; Vanteet nastarenkailla<\/p>\n<p>** CAAR Huoleton -lis\u00e4turva saatavilla kaikkiin alle 250tkm ajettuihin \/ 20 vuotta vanhoihin autoihin **&amp;#10;&amp;#10;** Auton osto, myynti, vaihto, rahoitus, lis\u00e4turva ja v\u00e4litysmyynti &#8211; kaikki saman katon alta! Katso lis\u00e4\u00e4 osoitteesta: www.caar.fi **<\/p><\/div>\n<hr>\n<h3>Vehicle Details<\/h3>\n<table class=\"vehicle-specs\" style=\"border-collapse:collapse;width:100%\">\n<tr style=\"border-bottom:1px solid #eee\">\n<th style=\"text-align:left;padding:6px 12px 6px 0;font-weight:600\">Make<\/th>\n<td style=\"padding:6px 0\">Mazda<\/td>\n<\/tr>\n<tr style=\"border-bottom:1px solid #eee\">\n<th style=\"text-align:left;padding:6px 12px 6px 0;font-weight:600\">Model<\/th>\n<td style=\"padding:6px 0\">2<\/td>\n<\/tr>\n<tr style=\"border-bottom:1px solid #eee\">\n<th style=\"text-align:left;padding:6px 12px 6px 0;font-weight:600\">Trim<\/th>\n<td style=\"padding:6px 0\">1.3 Elegance 5MT<\/td>\n<\/tr>\n<tr style=\"border-bottom:1px solid #eee\">\n<th style=\"text-align:left;padding:6px 12px 6px 0;font-weight:600\">Year<\/th>\n<td style=\"padding:6px 0\">2008<\/td>\n<\/tr>\n<tr style=\"border-bottom:1px solid #eee\">\n<th style=\"text-align:left;padding:6px 12px 6px 0;font-weight:600\">Mileage<\/th>\n<td style=\"padding:6px 0\">168,000 km<\/td>\n<\/tr>\n<tr style=\"border-bottom:1px solid #eee\">\n<th style=\"text-align:left;padding:6px 12px 6px 0;font-weight:600\">Price<\/th>\n<td style=\"padding:6px 0\">4 490 \u20ac<\/td>\n<\/tr>\n<tr style=\"border-bottom:1px solid #eee\">\n<th style=\"text-align:left;padding:6px 12px 6px 0;font-weight:600\">Tax Type<\/th>\n<td style=\"padding:6px 0\">Margin scheme (VAT included)<\/td>\n<\/tr>\n<tr style=\"border-bottom:1px solid #eee\">\n<th style=\"text-align:left;padding:6px 12px 6px 0;font-weight:600\">Financing<\/th>\n<td style=\"padding:6px 0\">from 101.66 \u20ac\/mo<\/td>\n<\/tr>\n<tr style=\"border-bottom:1px solid #eee\">\n<th style=\"text-align:left;padding:6px 12px 6px 0;font-weight:600\">Registration No.<\/th>\n<td style=\"padding:6px 0\">FIJ-199<\/td>\n<\/tr>\n<\/table>\n<h3>Equipment<\/h3>\n<ul>\n<li>Electronic Stability Control (ESC)<\/li>\n<li>Trip Computer<\/li>\n<li>Audio Input<\/li>\n<li>Service Book: Paper<\/li>\n<li>Manual Air Conditioning<\/li>\n<li>ISOFIX Child Seat Mounts<\/li>\n<li>Folding Rear Seats<\/li>\n<li>Two Sets of Tires<\/li>\n<li>Central Locking<\/li>\n<li>Engine Block Heater<\/li>\n<li>Traction Control System<\/li>\n<li>Anti-lock Braking System (ABS)<\/li>\n<li>Multifunction Steering Wheel<\/li>\n<li>Power Steering<\/li>\n<li>Electric Windows<\/li>\n<li>Alarm System<\/li>\n<li>Airbags<\/li>\n<\/ul>\n","protected":false},"excerpt":{"rendered":"<p>Juuri huollettu \/ Uudet kes\u00e4renkaat \/ Lohkol\u00e4mmitin sis. pistokkeella \/ Ilmastointi \/ Radio \/ 2x renkaat<\/p>\n","protected":false},"featured_media":134277,"template":"","meta":{"_acf_changed":false,"inline_featured_image":false},"product_brand":[],"product_cat":[362],"product_tag":[],"class_list":{"0":"post-134276","1":"product","2":"type-product","3":"status-publish","4":"has-post-thumbnail","6":"product_cat-mazda","8":"first","9":"instock","10":"shipping-taxable","11":"purchasable","12":"product-type-simple"},"acf":[],"_links":{"self":[{"href":"https:\/\/new.caar.fi\/en\/wp-json\/wp\/v2\/product\/134276","targetHints":{"allow":["GET"]}}],"collection":[{"href":"https:\/\/new.caar.fi\/en\/wp-json\/wp\/v2\/product"}],"about":[{"href":"https:\/\/new.caar.fi\/en\/wp-json\/wp\/v2\/types\/product"}],"wp:featuredmedia":[{"embeddable":true,"href":"https:\/\/new.caar.fi\/en\/wp-json\/wp\/v2\/media\/134277"}],"wp:attachment":[{"href":"https:\/\/new.caar.fi\/en\/wp-json\/wp\/v2\/media?parent=134276"}],"wp:term":[{"taxonomy":"product_brand","embeddable":true,"href":"https:\/\/new.caar.fi\/en\/wp-json\/wp\/v2\/product_brand?post=134276"},{"taxonomy":"product_cat","embeddable":true,"href":"https:\/\/new.caar.fi\/en\/wp-json\/wp\/v2\/product_cat?post=134276"},{"taxonomy":"product_tag","embeddable":true,"href":"https:\/\/new.caar.fi\/en\/wp-json\/wp\/v2\/product_tag?post=134276"}],"curies":[{"name":"wp","href":"https:\/\/api.w.org\/{rel}","templated":true}]}}